{"id":9499,"date":"2023-11-24T17:50:11","date_gmt":"2023-11-24T17:50:11","guid":{"rendered":"https:\/\/3dera.lt\/?page_id=9499"},"modified":"2024-06-11T13:34:30","modified_gmt":"2024-06-11T13:34:30","slug":"payment-methods","status":"publish","type":"page","link":"https:\/\/3dera.lt\/lt\/payment-methods\/","title":{"rendered":"Mok\u0117jimo B\u016bdai"},"content":{"rendered":"<div class=\"wpb-content-wrapper\"><div class=\"vc_row wpb_row vc_row-fluid\"><div class=\"wpb_column vc_column_container vc_col-sm-12\"><div class=\"vc_column-inner\"><div class=\"wpb_wrapper\">\n\t<div class=\"wpb_text_column wpb_content_element\" >\n\t\t<div class=\"wpb_wrapper\">\n\t\t\t<h1><strong>Mok\u0117jimo B\u016bdai<\/strong><\/h1>\n<p>Toliau pateikiame galimus atsiskaitymo b\u016bdus:<\/p>\n<p><!-- \/wp:post-content --><\/p>\n<p><!-- wp:paragraph -->1.\u00a0<strong>El. Bankininkyst\u0117<\/strong>: Swedbank, SEB, Luminor, Citadel\u0117, \u0160iauli\u0173 Bankas, URBO<br \/>2. <strong>Kiti b\u016bdai <\/strong>LKU, N26, Paysera, Revolut, WISE<\/p>\n<p><!-- \/wp:paragraph --><\/p>\n<p><!-- wp:paragraph -->3D Era teikia prioritet\u0105 atsiskaitym\u0173 saugumui bei patogumui. Jeigu turite papildom\u0173 klausim\u0173, <a href=\"https:\/\/3dera.lt\/lt\/contact\/\" data-type=\"link\" data-id=\"https:\/\/3dera.lt\/contact-us\">susisiekite<\/a> ir mielai jums atsakysime.<\/p>\n<p><!-- \/wp:paragraph --><\/p>\n<p>&nbsp;<\/p>\n\n\t\t<\/div>\n\t<\/div>\n<\/div><\/div><\/div><\/div>\n<\/div>","protected":false},"excerpt":{"rendered":"Payment Methods Information about the payment methods available at 3D Era: 1.\u00a0E-Banking: Swedbank, SEB, Luminor, Citadel\u0117, \u0160iauli\u0173 Bankas, URBO2. Other","protected":false},"author":1,"featured_media":0,"parent":0,"menu_order":0,"comment_status":"closed","ping_status":"closed","template":"","meta":{"footnotes":""},"class_list":["post-9499","page","type-page","status-publish","hentry"],"yoast_head":"<!-- This site is optimized with the Yoast SEO plugin v22.8 - https:\/\/yoast.com\/wordpress\/plugins\/seo\/ -->\n<title>3dera.lt<\/title>\n<meta name=\"robots\" content=\"index, follow, max-snippet:-1, max-image-preview:large, max-video-preview:-1\" \/>\n<link rel=\"canonical\" href=\"https:\/\/3dera.lt\/lt\/payment-methods\/\" \/>\n<meta property=\"og:locale\" content=\"lt_LT\" \/>\n<meta property=\"og:type\" content=\"article\" \/>\n<meta property=\"og:title\" content=\"3dera.lt\" \/>\n<meta property=\"og:url\" content=\"https:\/\/3dera.lt\/lt\/payment-methods\/\" \/>\n<meta property=\"og:site_name\" content=\"3dera.lt\" \/>\n<meta property=\"article:modified_time\" content=\"2024-06-11T13:34:30+00:00\" \/>\n<meta name=\"twitter:card\" content=\"summary_large_image\" \/>\n<script type=\"application\/ld+json\" class=\"yoast-schema-graph\">{\"@context\":\"https:\/\/schema.org\",\"@graph\":[{\"@type\":\"WebPage\",\"@id\":\"https:\/\/3dera.lt\/payment-methods\/\",\"url\":\"https:\/\/3dera.lt\/payment-methods\/\",\"name\":\"3dera.lt\",\"isPartOf\":{\"@id\":\"https:\/\/3dera.lt\/#website\"},\"datePublished\":\"2023-11-24T17:50:11+00:00\",\"dateModified\":\"2024-06-11T13:34:30+00:00\",\"breadcrumb\":{\"@id\":\"https:\/\/3dera.lt\/payment-methods\/#breadcrumb\"},\"inLanguage\":\"lt-LT\",\"potentialAction\":[{\"@type\":\"ReadAction\",\"target\":[\"https:\/\/3dera.lt\/payment-methods\/\"]}]},{\"@type\":\"BreadcrumbList\",\"@id\":\"https:\/\/3dera.lt\/payment-methods\/#breadcrumb\",\"itemListElement\":[{\"@type\":\"ListItem\",\"position\":1,\"name\":\"Home\",\"item\":\"https:\/\/3dera.lt\/\"},{\"@type\":\"ListItem\",\"position\":2,\"name\":\"Payment Methods\"}]},{\"@type\":\"WebSite\",\"@id\":\"https:\/\/3dera.lt\/#website\",\"url\":\"https:\/\/3dera.lt\/\",\"name\":\"3D Era\",\"description\":\"3D Spausdintos dekoracijos bei 3D spausdinimo paslaugos\",\"publisher\":{\"@id\":\"https:\/\/3dera.lt\/#\/schema\/person\/711cfcf54c7b4e81a41d26303c862ae6\"},\"potentialAction\":[{\"@type\":\"SearchAction\",\"target\":{\"@type\":\"EntryPoint\",\"urlTemplate\":\"https:\/\/3dera.lt\/?s={search_term_string}\"},\"query-input\":\"required name=search_term_string\"}],\"inLanguage\":\"lt-LT\"},{\"@type\":[\"Person\",\"Organization\"],\"@id\":\"https:\/\/3dera.lt\/#\/schema\/person\/711cfcf54c7b4e81a41d26303c862ae6\",\"name\":\"3dera.lt\",\"image\":{\"@type\":\"ImageObject\",\"inLanguage\":\"lt-LT\",\"@id\":\"https:\/\/3dera.lt\/#\/schema\/person\/image\/\",\"url\":\"https:\/\/3dera.lt\/wp-content\/uploads\/2023\/11\/cropped-cropped-logo.png\",\"contentUrl\":\"https:\/\/3dera.lt\/wp-content\/uploads\/2023\/11\/cropped-cropped-logo.png\",\"width\":303,\"height\":308,\"caption\":\"3dera.lt\"},\"logo\":{\"@id\":\"https:\/\/3dera.lt\/#\/schema\/person\/image\/\"},\"sameAs\":[\"http:\/\/3dera.lt\"]}]}<\/script>\n<!-- \/ Yoast SEO plugin. -->","yoast_head_json":{"title":"3dera.lt","robots":{"index":"index","follow":"follow","max-snippet":"max-snippet:-1","max-image-preview":"max-image-preview:large","max-video-preview":"max-video-preview:-1"},"canonical":"https:\/\/3dera.lt\/lt\/payment-methods\/","og_locale":"lt_LT","og_type":"article","og_title":"3dera.lt","og_url":"https:\/\/3dera.lt\/lt\/payment-methods\/","og_site_name":"3dera.lt","article_modified_time":"2024-06-11T13:34:30+00:00","twitter_card":"summary_large_image","schema":{"@context":"https:\/\/schema.org","@graph":[{"@type":"WebPage","@id":"https:\/\/3dera.lt\/payment-methods\/","url":"https:\/\/3dera.lt\/payment-methods\/","name":"3dera.lt","isPartOf":{"@id":"https:\/\/3dera.lt\/#website"},"datePublished":"2023-11-24T17:50:11+00:00","dateModified":"2024-06-11T13:34:30+00:00","breadcrumb":{"@id":"https:\/\/3dera.lt\/payment-methods\/#breadcrumb"},"inLanguage":"lt-LT","potentialAction":[{"@type":"ReadAction","target":["https:\/\/3dera.lt\/payment-methods\/"]}]},{"@type":"BreadcrumbList","@id":"https:\/\/3dera.lt\/payment-methods\/#breadcrumb","itemListElement":[{"@type":"ListItem","position":1,"name":"Home","item":"https:\/\/3dera.lt\/"},{"@type":"ListItem","position":2,"name":"Payment Methods"}]},{"@type":"WebSite","@id":"https:\/\/3dera.lt\/#website","url":"https:\/\/3dera.lt\/","name":"3D Era","description":"3D Spausdintos dekoracijos bei 3D spausdinimo paslaugos","publisher":{"@id":"https:\/\/3dera.lt\/#\/schema\/person\/711cfcf54c7b4e81a41d26303c862ae6"},"potentialAction":[{"@type":"SearchAction","target":{"@type":"EntryPoint","urlTemplate":"https:\/\/3dera.lt\/?s={search_term_string}"},"query-input":"required name=search_term_string"}],"inLanguage":"lt-LT"},{"@type":["Person","Organization"],"@id":"https:\/\/3dera.lt\/#\/schema\/person\/711cfcf54c7b4e81a41d26303c862ae6","name":"3dera.lt","image":{"@type":"ImageObject","inLanguage":"lt-LT","@id":"https:\/\/3dera.lt\/#\/schema\/person\/image\/","url":"https:\/\/3dera.lt\/wp-content\/uploads\/2023\/11\/cropped-cropped-logo.png","contentUrl":"https:\/\/3dera.lt\/wp-content\/uploads\/2023\/11\/cropped-cropped-logo.png","width":303,"height":308,"caption":"3dera.lt"},"logo":{"@id":"https:\/\/3dera.lt\/#\/schema\/person\/image\/"},"sameAs":["http:\/\/3dera.lt"]}]}},"jetpack_sharing_enabled":true,"_links":{"self":[{"href":"https:\/\/3dera.lt\/lt\/wp-json\/wp\/v2\/pages\/9499","targetHints":{"allow":["GET"]}}],"collection":[{"href":"https:\/\/3dera.lt\/lt\/wp-json\/wp\/v2\/pages"}],"about":[{"href":"https:\/\/3dera.lt\/lt\/wp-json\/wp\/v2\/types\/page"}],"author":[{"embeddable":true,"href":"https:\/\/3dera.lt\/lt\/wp-json\/wp\/v2\/users\/1"}],"replies":[{"embeddable":true,"href":"https:\/\/3dera.lt\/lt\/wp-json\/wp\/v2\/comments?post=9499"}],"version-history":[{"count":7,"href":"https:\/\/3dera.lt\/lt\/wp-json\/wp\/v2\/pages\/9499\/revisions"}],"predecessor-version":[{"id":13835,"href":"https:\/\/3dera.lt\/lt\/wp-json\/wp\/v2\/pages\/9499\/revisions\/13835"}],"wp:attachment":[{"href":"https:\/\/3dera.lt\/lt\/wp-json\/wp\/v2\/media?parent=9499"}],"curies":[{"name":"wp","href":"https:\/\/api.w.org\/{rel}","templated":true}]}}