{"id":9517,"date":"2023-11-25T20:10:28","date_gmt":"2023-11-25T20:10:28","guid":{"rendered":"https:\/\/3dera.lt\/?page_id=9517"},"modified":"2024-06-03T14:56:55","modified_gmt":"2024-06-03T14:56:55","slug":"cookie-policy","status":"publish","type":"page","link":"https:\/\/3dera.lt\/lt\/cookie-policy\/","title":{"rendered":"Cookie Policy"},"content":{"rendered":"<div class=\"wpb-content-wrapper\"><div class=\"vc_row wpb_row vc_row-fluid\"><div class=\"wpb_column vc_column_container vc_col-sm-12\"><div class=\"vc_column-inner\"><div class=\"wpb_wrapper\">\n\t<div class=\"wpb_text_column wpb_content_element\" >\n\t\t<div class=\"wpb_wrapper\">\n\t\t\t<h1 class=\"wp-block-heading\">Slapuk\u0173 Politika 3D Era Svetain\u0117je<\/h1>\n<p><!-- \/wp:post-content --><\/p>\n<p><!-- wp:paragraph --><strong>Kas yra Slapukai<\/strong><\/p>\n<p><!-- \/wp:paragraph --><\/p>\n<p><!-- wp:paragraph -->Kaip \u012fprasta daugumoje profesionali\u0173 interneto svetaini\u0173, \u0161i svetain\u0117 naudoja slapukus, kurie yra ma\u017ei failai, saugomi j\u016bs\u0173 nar\u0161ykl\u0117je, siekiant pagerinti j\u016bs\u0173 patirt\u012f. \u0160iame puslapyje apra\u0161oma, koki\u0105 informacij\u0105 jie renka, kaip mes j\u0105 naudojame ir kod\u0117l kartais mums reikia saugoti \u0161iuos slapukus. Taip pat pasidalinsime, kaip galite u\u017ekirsti keli\u0105 \u0161i\u0173 slapuk\u0173 saugojimui, ta\u010diau tai gali pabloginti arba \u201esulau\u017eyti\u201c tam tikras svetain\u0117s funkcijas.<\/p>\n<p><!-- \/wp:paragraph --><\/p>\n<p><!-- wp:paragraph --><strong>Kaip mes naudojame slapukus<\/strong><\/p>\n<p><!-- \/wp:paragraph --><\/p>\n<p><!-- wp:paragraph -->Slapukus naudojame d\u0117l \u012fvairi\u0173 prie\u017eas\u010di\u0173, kurios i\u0161samiai apra\u0161ytos \u017eemiau. Deja, daugeliu atvej\u0173 n\u0117ra standartini\u0173 galimybi\u0173 i\u0161jungti slapukus visi\u0161kai nei\u0161jungiant funkcionalumo ir funkcij\u0173, kurias jie prideda \u0161iai svetainei. Rekomenduojama palikti visus slapukus \u012fjungtus, jei nesate tikri, ar j\u0173 jums reikia, nes jie gali b\u016bti naudojami teikiant jums reikaling\u0105 paslaug\u0105.<\/p>\n<p><!-- \/wp:paragraph --><\/p>\n<p><!-- wp:paragraph --><strong>Slapuk\u0173 i\u0161jungimas<\/strong><\/p>\n<p><!-- \/wp:paragraph --><\/p>\n<p><!-- wp:paragraph -->Galite u\u017ekirsti keli\u0105 slapuk\u0173 nustatymui, koreguodami savo nar\u0161ykl\u0117s nustatymus (\u017er. nar\u0161ykl\u0117s pagalbos skyri\u0173, kaip tai padaryti). Atkreipkite d\u0117mes\u012f, kad i\u0161jungus slapukus bus paveiktas \u0161ios ir daugelio kit\u0173 j\u016bs\u0173 lankom\u0173 svetaini\u0173 funkcionalumas. I\u0161jungus slapukus paprastai taip pat bus i\u0161jungtos tam tikros \u0161ios svetain\u0117s funkcijos ir galimyb\u0117s. Tod\u0117l rekomenduojama slapuk\u0173 nei\u0161jungti. \u0160i slapuk\u0173 politika buvo sukurta padedant\u00a0<a href=\"https:\/\/www.cookiepolicygenerator.com\/cookie-policy-generator\/\">Cookies Policy Generator<\/a>.<\/p>\n<p><!-- \/wp:paragraph --><\/p>\n<p><!-- wp:paragraph --><strong>Kokius slapukus naudojame<\/strong><\/p>\n<p><!-- \/wp:paragraph --><br \/>\n<!-- wp:list --><\/p>\n<ul>\n<li style=\"list-style-type: none;\">\n<ul><!-- wp:list-item --><\/p>\n<li>Su paskyra susij\u0119 slapukai. Jei sukursite pas mus paskyr\u0105, mes naudosime slapukus registracijos proceso valdymui ir bendram administravimui. \u0160ie slapukai paprastai bus i\u0161trinti, kai atsijungsite, ta\u010diau kai kuriais atvejais jie gali likti, kad prisimint\u0173 j\u016bs\u0173 svetain\u0117s nuostatas, kai esate atsijung\u0119.<\/li>\n<p><!-- \/wp:list-item --><br \/>\n<!-- wp:list-item --><\/p>\n<li>Su prisijungimu susij\u0119 slapukai. Mes naudojame slapukus, kai esate prisijung\u0119, kad gal\u0117tume prisiminti \u0161\u012f fakt\u0105. Tai leid\u017eia jums nepra\u0161yti \u012fvesti prisijungimo duomen\u0173 kiekvien\u0105 kart\u0105, kai apsilankote naujame puslapyje. \u0160ie slapukai paprastai pa\u0161alinami arba i\u0161valomi, kai atsijungiate, siekiant u\u017etikrinti, kad prie ribot\u0173 funkcij\u0173 ir sri\u010di\u0173 gal\u0117tum\u0117te prieiti tik b\u016bdami prisijung\u0119.<\/li>\n<p><!-- \/wp:list-item --><br \/>\n<!-- wp:list-item --><\/p>\n<li>Su naujienlai\u0161kiais susij\u0119 slapukai. \u0160i svetain\u0117 si\u016blo naujienlai\u0161ki\u0173 ar el. pa\u0161to prenumeratos paslaugas, tad slapukai gali b\u016bti naudojami prisiminti, ar jau esate u\u017esiregistrav\u0119, ir ar rodyti tam tikrus prane\u0161imus, kurie gali b\u016bti aktual\u016bs tik u\u017esiprenumeravusiems arba to atsisakiusiems vartotojams.<\/li>\n<p><!-- \/wp:list-item --><br \/>\n<!-- wp:list-item --><\/p>\n<li>Su u\u017esakym\u0173 apdorojimu susij\u0119 slapukai. \u0160i svetain\u0117 si\u016blo el. prekybos arba mok\u0117jimo paslaugas, ir kai kurie slapukai yra b\u016btini, kad j\u016bs\u0173 u\u017esakymas b\u016bt\u0173 atsimenamas tarp puslapi\u0173, kad gal\u0117tume j\u012f tinkamai apdoroti.<\/li>\n<p><!-- \/wp:list-item --><br \/>\n<!-- wp:list-item --><\/p>\n<li>Svetain\u0117s nuostat\u0173 slapukai. Siekdami suteikti jums puiki\u0105 patirt\u012f \u0161ioje svetain\u0117je, mes suteikiame galimyb\u0119 nustatyti j\u016bs\u0173 pageidavimus, kaip \u0161i svetain\u0117 veikia, kai j\u0105 naudojate. Kad prisimintume j\u016bs\u0173 nuostatas, turime nustatyti slapukus, kad \u0161i informacija b\u016bt\u0173 prieinama kaskart, kai naudojat\u0117s puslapiu, kur\u012f veikia j\u016bs\u0173 nuostatos.<\/li>\n<\/ul>\n<\/li>\n<\/ul>\n<p><!-- \/wp:list-item --><br \/>\n<!-- \/wp:list --><\/p>\n<p><!-- wp:paragraph --><strong>Tre\u010di\u0173j\u0173 \u0161ali\u0173 slapukai<\/strong><\/p>\n<p><!-- \/wp:paragraph --><\/p>\n<p><!-- wp:paragraph -->Kai kuriais ypatingais atvejais mes taip pat naudojame patikim\u0173 tre\u010di\u0173j\u0173 \u0161ali\u0173 teikiamus slapukus. Toliau pateikiama dalis, kurioje i\u0161samiai apra\u0161oma, kokius tre\u010di\u0173j\u0173 \u0161ali\u0173 slapukus galite sutikti \u0161ioje svetain\u0117je.<\/p>\n<p><!-- \/wp:paragraph --><br \/>\n<!-- wp:list --><\/p>\n<ul>\n<li style=\"list-style-type: none;\">\n<ul><!-- wp:list-item --><\/p>\n<li>\u0160i svetain\u0117 naudoja \u201eGoogle Analytics\u201c, kuri yra vienas pla\u010diausiai paplitusi\u0173 ir patikimiausi\u0173 analiz\u0117s sprendim\u0173 internete, padedantis mums suprasti, kaip naudojat\u0117s svetaine, ir kaip galime pagerinti j\u016bs\u0173 patirt\u012f. \u0160ie slapukai gali steb\u0117ti tokius dalykus kaip j\u016bs\u0173 praleistas laikas svetain\u0117je ir aplankyti puslapiai, kad gal\u0117tume toliau kurti \u012fdom\u0173 turin\u012f. Daugiau informacijos apie \u201eGoogle Analytics\u201c slapukus rasite oficialiame \u201eGoogle Analytics\u201c puslapyje.<\/li>\n<p><!-- \/wp:list-item --><br \/>\n<!-- wp:list-item --><\/p>\n<li>Kartais mes bandome naujas funkcijas ir atliekame subtilius svetain\u0117s pakeitimus. Kai testuojame naujas funkcijas, \u0161ie slapukai gali b\u016bti naudojami u\u017etikrinant, kad gautum\u0117te nuosekli\u0105 patirt\u012f svetain\u0117je, ir tuo pa\u010diu metu u\u017etikrinant, kad suprastume, kokias optimizacijas m\u016bs\u0173 vartotojai labiausiai vertina.<\/li>\n<p><!-- \/wp:list-item --><\/p>\n<p><!-- wp:list-item --><\/ul>\n<\/li>\n<\/ul>\n<p><!-- \/wp:list-item --><br \/>\n<!-- \/wp:list --><\/p>\n<p><!-- wp:paragraph --><strong>Daugiau informacijos<\/strong><\/p>\n<p><!-- \/wp:paragraph --><\/p>\n<p><!-- wp:paragraph -->Tikim\u0117s, kad tai ai\u0161kiai apibr\u0117\u017e\u0117, ir kaip buvo min\u0117ta anks\u010diau, jei nesate \u012fsitikin\u0119, ar jums reikia, ar ne, paprastai saugiau palikti slapukus \u012fjungtus, jei jie turi s\u0105veikauti su viena i\u0161 funkcij\u0173, kurias naudojate m\u016bs\u0173 svetain\u0117je.<\/p>\n<p><!-- \/wp:paragraph --><\/p>\n<p><!-- wp:paragraph -->I\u0161samiau apie slapukus galite paskaityti\u00a0<a href=\"https:\/\/www.cookiepolicygenerator.com\/sample-cookies-policy\/\">the Cookies Policy article<\/a>.<\/p>\n<p><!-- \/wp:paragraph --><br \/>\n<!-- \/wp:list-item --><br \/>\n<!-- \/wp:list --><br \/>\n<!-- wp:separator --><\/p>\n<hr class=\"wp-block-separator has-alpha-channel-opacity\" \/>\n<!-- \/wp:separator --><\/p>\n<p>&nbsp;<\/p>\n\n\t\t<\/div>\n\t<\/div>\n<\/div><\/div><\/div><\/div>\n<\/div>","protected":false},"excerpt":{"rendered":"Cookie Policy for 3D Era What Are Cookies As is common practice with almost all professional websites this site uses","protected":false},"author":1,"featured_media":0,"parent":0,"menu_order":0,"comment_status":"closed","ping_status":"closed","template":"","meta":{"footnotes":""},"class_list":["post-9517","page","type-page","status-publish","hentry"],"yoast_head":"<!-- This site is optimized with the Yoast SEO plugin v22.8 - https:\/\/yoast.com\/wordpress\/plugins\/seo\/ -->\n<title>3dera.lt<\/title>\n<meta name=\"robots\" content=\"index, follow, max-snippet:-1, max-image-preview:large, max-video-preview:-1\" \/>\n<link rel=\"canonical\" href=\"https:\/\/3dera.lt\/lt\/cookie-policy\/\" \/>\n<meta property=\"og:locale\" content=\"lt_LT\" \/>\n<meta property=\"og:type\" content=\"article\" \/>\n<meta property=\"og:title\" content=\"3dera.lt\" \/>\n<meta property=\"og:url\" content=\"https:\/\/3dera.lt\/lt\/cookie-policy\/\" \/>\n<meta property=\"og:site_name\" content=\"3dera.lt\" \/>\n<meta property=\"article:modified_time\" content=\"2024-06-03T14:56:55+00:00\" \/>\n<meta name=\"twitter:card\" content=\"summary_large_image\" \/>\n<meta name=\"twitter:label1\" content=\"Est. reading time\" \/>\n\t<meta name=\"twitter:data1\" content=\"4 minut\u0117s\" \/>\n<script type=\"application\/ld+json\" class=\"yoast-schema-graph\">{\"@context\":\"https:\/\/schema.org\",\"@graph\":[{\"@type\":\"WebPage\",\"@id\":\"https:\/\/3dera.lt\/cookie-policy\/\",\"url\":\"https:\/\/3dera.lt\/cookie-policy\/\",\"name\":\"3dera.lt\",\"isPartOf\":{\"@id\":\"https:\/\/3dera.lt\/#website\"},\"datePublished\":\"2023-11-25T20:10:28+00:00\",\"dateModified\":\"2024-06-03T14:56:55+00:00\",\"breadcrumb\":{\"@id\":\"https:\/\/3dera.lt\/cookie-policy\/#breadcrumb\"},\"inLanguage\":\"lt-LT\",\"potentialAction\":[{\"@type\":\"ReadAction\",\"target\":[\"https:\/\/3dera.lt\/cookie-policy\/\"]}]},{\"@type\":\"BreadcrumbList\",\"@id\":\"https:\/\/3dera.lt\/cookie-policy\/#breadcrumb\",\"itemListElement\":[{\"@type\":\"ListItem\",\"position\":1,\"name\":\"Home\",\"item\":\"https:\/\/3dera.lt\/\"},{\"@type\":\"ListItem\",\"position\":2,\"name\":\"Cookie Policy\"}]},{\"@type\":\"WebSite\",\"@id\":\"https:\/\/3dera.lt\/#website\",\"url\":\"https:\/\/3dera.lt\/\",\"name\":\"3D Era\",\"description\":\"3D Spausdintos dekoracijos bei 3D spausdinimo paslaugos\",\"publisher\":{\"@id\":\"https:\/\/3dera.lt\/#\/schema\/person\/711cfcf54c7b4e81a41d26303c862ae6\"},\"potentialAction\":[{\"@type\":\"SearchAction\",\"target\":{\"@type\":\"EntryPoint\",\"urlTemplate\":\"https:\/\/3dera.lt\/?s={search_term_string}\"},\"query-input\":\"required name=search_term_string\"}],\"inLanguage\":\"lt-LT\"},{\"@type\":[\"Person\",\"Organization\"],\"@id\":\"https:\/\/3dera.lt\/#\/schema\/person\/711cfcf54c7b4e81a41d26303c862ae6\",\"name\":\"3dera.lt\",\"image\":{\"@type\":\"ImageObject\",\"inLanguage\":\"lt-LT\",\"@id\":\"https:\/\/3dera.lt\/#\/schema\/person\/image\/\",\"url\":\"https:\/\/3dera.lt\/wp-content\/uploads\/2023\/11\/cropped-cropped-logo.png\",\"contentUrl\":\"https:\/\/3dera.lt\/wp-content\/uploads\/2023\/11\/cropped-cropped-logo.png\",\"width\":303,\"height\":308,\"caption\":\"3dera.lt\"},\"logo\":{\"@id\":\"https:\/\/3dera.lt\/#\/schema\/person\/image\/\"},\"sameAs\":[\"http:\/\/3dera.lt\"]}]}<\/script>\n<!-- \/ Yoast SEO plugin. -->","yoast_head_json":{"title":"3dera.lt","robots":{"index":"index","follow":"follow","max-snippet":"max-snippet:-1","max-image-preview":"max-image-preview:large","max-video-preview":"max-video-preview:-1"},"canonical":"https:\/\/3dera.lt\/lt\/cookie-policy\/","og_locale":"lt_LT","og_type":"article","og_title":"3dera.lt","og_url":"https:\/\/3dera.lt\/lt\/cookie-policy\/","og_site_name":"3dera.lt","article_modified_time":"2024-06-03T14:56:55+00:00","twitter_card":"summary_large_image","twitter_misc":{"Est. reading time":"4 minut\u0117s"},"schema":{"@context":"https:\/\/schema.org","@graph":[{"@type":"WebPage","@id":"https:\/\/3dera.lt\/cookie-policy\/","url":"https:\/\/3dera.lt\/cookie-policy\/","name":"3dera.lt","isPartOf":{"@id":"https:\/\/3dera.lt\/#website"},"datePublished":"2023-11-25T20:10:28+00:00","dateModified":"2024-06-03T14:56:55+00:00","breadcrumb":{"@id":"https:\/\/3dera.lt\/cookie-policy\/#breadcrumb"},"inLanguage":"lt-LT","potentialAction":[{"@type":"ReadAction","target":["https:\/\/3dera.lt\/cookie-policy\/"]}]},{"@type":"BreadcrumbList","@id":"https:\/\/3dera.lt\/cookie-policy\/#breadcrumb","itemListElement":[{"@type":"ListItem","position":1,"name":"Home","item":"https:\/\/3dera.lt\/"},{"@type":"ListItem","position":2,"name":"Cookie Policy"}]},{"@type":"WebSite","@id":"https:\/\/3dera.lt\/#website","url":"https:\/\/3dera.lt\/","name":"3D Era","description":"3D Spausdintos dekoracijos bei 3D spausdinimo paslaugos","publisher":{"@id":"https:\/\/3dera.lt\/#\/schema\/person\/711cfcf54c7b4e81a41d26303c862ae6"},"potentialAction":[{"@type":"SearchAction","target":{"@type":"EntryPoint","urlTemplate":"https:\/\/3dera.lt\/?s={search_term_string}"},"query-input":"required name=search_term_string"}],"inLanguage":"lt-LT"},{"@type":["Person","Organization"],"@id":"https:\/\/3dera.lt\/#\/schema\/person\/711cfcf54c7b4e81a41d26303c862ae6","name":"3dera.lt","image":{"@type":"ImageObject","inLanguage":"lt-LT","@id":"https:\/\/3dera.lt\/#\/schema\/person\/image\/","url":"https:\/\/3dera.lt\/wp-content\/uploads\/2023\/11\/cropped-cropped-logo.png","contentUrl":"https:\/\/3dera.lt\/wp-content\/uploads\/2023\/11\/cropped-cropped-logo.png","width":303,"height":308,"caption":"3dera.lt"},"logo":{"@id":"https:\/\/3dera.lt\/#\/schema\/person\/image\/"},"sameAs":["http:\/\/3dera.lt"]}]}},"jetpack_sharing_enabled":true,"_links":{"self":[{"href":"https:\/\/3dera.lt\/lt\/wp-json\/wp\/v2\/pages\/9517","targetHints":{"allow":["GET"]}}],"collection":[{"href":"https:\/\/3dera.lt\/lt\/wp-json\/wp\/v2\/pages"}],"about":[{"href":"https:\/\/3dera.lt\/lt\/wp-json\/wp\/v2\/types\/page"}],"author":[{"embeddable":true,"href":"https:\/\/3dera.lt\/lt\/wp-json\/wp\/v2\/users\/1"}],"replies":[{"embeddable":true,"href":"https:\/\/3dera.lt\/lt\/wp-json\/wp\/v2\/comments?post=9517"}],"version-history":[{"count":2,"href":"https:\/\/3dera.lt\/lt\/wp-json\/wp\/v2\/pages\/9517\/revisions"}],"predecessor-version":[{"id":13812,"href":"https:\/\/3dera.lt\/lt\/wp-json\/wp\/v2\/pages\/9517\/revisions\/13812"}],"wp:attachment":[{"href":"https:\/\/3dera.lt\/lt\/wp-json\/wp\/v2\/media?parent=9517"}],"curies":[{"name":"wp","href":"https:\/\/api.w.org\/{rel}","templated":true}]}}