{"id":9576,"date":"2023-11-30T11:20:00","date_gmt":"2023-11-30T11:20:00","guid":{"rendered":"https:\/\/3dera.lt\/?page_id=9576"},"modified":"2025-10-26T18:48:24","modified_gmt":"2025-10-26T18:48:24","slug":"home","status":"publish","type":"page","link":"https:\/\/3dera.lt\/lt\/","title":{"rendered":"Prad\u017eia"},"content":{"rendered":"<div class=\"wpb-content-wrapper\"><div data-vc-parallax=\"1.5\" data-vc-parallax-image=\"https:\/\/3dera.lt\/wp-content\/uploads\/2025\/10\/ebe34b82-7843-46f6-a4c9-8441bf9459d5.png\" class=\"vc_row wpb_row vc_row-fluid vc_custom_1761503489425 vc_row-has-fill vc_row-o-full-height vc_row-o-columns-middle vc_row-flex vc_general vc_parallax vc_parallax-content-moving wd-bg-left-top wd-rs-68fe68a41151c wd-section-stretch-content-no-pd\"><div class=\"wpb_column vc_column_container vc_col-sm-12 wd-rs-68fe680634992\"><div class=\"vc_column-inner\"><div class=\"wpb_wrapper\"><\/div><\/div><\/div><div class=\"wpb_column vc_column_container vc_col-sm-12\"><div class=\"vc_column-inner\"><div class=\"wpb_wrapper\"><\/div><\/div><\/div><div class=\"wpb_column vc_column_container vc_col-sm-12 wd-rs-68fe461c52250\"><div class=\"vc_column-inner\"><div class=\"wpb_wrapper\"><h1 style=\"font-size: 56px;color: #000000;text-align: center;font-family:Roboto;font-weight:400;font-style:normal\" class=\"vc_custom_heading vc_do_custom_heading\" >Explore Unique 3D Creations<\/h1><h2 style=\"font-size: 18px;color: #000000;text-align: center;font-family:Roboto;font-weight:400;font-style:normal\" class=\"vc_custom_heading vc_do_custom_heading\" >Discover innovative 3D printed items for every need, from decor to functional accessories.<\/h2><div id=\"wd-68fe4702003b3\" class=\"wd-animation-slide-from-bottom wd-animation-normal wd-rs-68fe4702003b3 vc_custom_1761494809835 wd-button-wrapper text-center\"><a href=\"https:\/\/3dera.lt\/lt\/shop\/\" title=\"Parduotuv\u0117\" class=\"btn btn-scheme-light btn-scheme-hover-light btn-style-default btn-style-round btn-size-large\">Parduotuv\u0117<\/a><\/div><\/div><\/div><\/div><\/div><div class=\"vc_row wpb_row vc_row-fluid\"><div class=\"wpb_column vc_column_container vc_col-sm-12\"><div class=\"vc_column-inner\"><div class=\"wpb_wrapper\">\t\t\t\t<div class=\"wd-cats-element wd-wpb wd-rs-68f512bb7f8b5 wd-enabled-width\">\n\t\t\t\t\t<div class=\"products woocommerce  wd-grid-g wd-cats columns-2\" style=\"--wd-col-lg:2;--wd-col-md:2;--wd-col-sm:2;--wd-gap-lg:10px;\">\n\t\t\t\t\t\n<div class=\"wd-col category-grid-item cat-design-default categories-with-shadow without-product-count product-category product first\" data-loop=\"1\">\n\t<div class=\"wrapp-category\">\n\t\t<div class=\"category-image-wrapp\">\n\t\t\t<a href=\"https:\/\/3dera.lt\/lt\/produkto-kategorija\/keychains\/\" class=\"category-image\" aria-label=\"Category image\">\n\t\t\t\t\n\t\t\t\t<img decoding=\"async\" width=\"1024\" height=\"1024\" data-src=\"https:\/\/3dera.lt\/wp-content\/uploads\/2025\/10\/ChatGPT-Image-Oct-26-2025-01_03_39-PM.png\" class=\"attachment-woocommerce_thumbnail size-woocommerce_thumbnail lazyload\" alt=\"\" data-srcset=\"https:\/\/3dera.lt\/wp-content\/uploads\/2025\/10\/ChatGPT-Image-Oct-26-2025-01_03_39-PM.png 1024w, https:\/\/3dera.lt\/wp-content\/uploads\/2025\/10\/ChatGPT-Image-Oct-26-2025-01_03_39-PM-300x300.png 300w, https:\/\/3dera.lt\/wp-content\/uploads\/2025\/10\/ChatGPT-Image-Oct-26-2025-01_03_39-PM-150x150.png 150w, https:\/\/3dera.lt\/wp-content\/uploads\/2025\/10\/ChatGPT-Image-Oct-26-2025-01_03_39-PM-768x768.png 768w, https:\/\/3dera.lt\/wp-content\/uploads\/2025\/10\/ChatGPT-Image-Oct-26-2025-01_03_39-PM-12x12.png 12w, https:\/\/3dera.lt\/wp-content\/uploads\/2025\/10\/ChatGPT-Image-Oct-26-2025-01_03_39-PM-600x600.png 600w, https:\/\/3dera.lt\/wp-content\/uploads\/2025\/10\/ChatGPT-Image-Oct-26-2025-01_03_39-PM-128x128.png 128w\" data-sizes=\"(max-width: 1024px) 100vw, 1024px\" src=\"data:image\/svg+xml;base64,PHN2ZyB3aWR0aD0iMSIgaGVpZ2h0PSIxIiB4bWxucz0iaHR0cDovL3d3dy53My5vcmcvMjAwMC9zdmciPjwvc3ZnPg==\" style=\"--smush-placeholder-width: 1024px; --smush-placeholder-aspect-ratio: 1024\/1024;\" \/>\t\t\t<\/a>\n\t\t<\/div>\n\t\t<div class=\"hover-mask\">\n\t\t\t<h3 class=\"wd-entities-title\">\n\t\t\t\tRakt\u0173 pakabukai <mark class=\"count\">(3)<\/mark>\t\t\t<\/h3>\n\n\t\t\t\n\t\t\t\t\t<\/div>\n\n\t\t\t\t<a href=\"https:\/\/3dera.lt\/lt\/produkto-kategorija\/keychains\/\" class=\"category-link wd-fill\" aria-label=\"Product category keychains\"><\/a>\n\t\t\t<\/div>\n<\/div>\n\n<div class=\"wd-col category-grid-item cat-design-default categories-with-shadow without-product-count product-category product\" data-loop=\"2\">\n\t<div class=\"wrapp-category\">\n\t\t<div class=\"category-image-wrapp\">\n\t\t\t<a href=\"https:\/\/3dera.lt\/lt\/produkto-kategorija\/christmas\/\" class=\"category-image\" aria-label=\"Category image\">\n\t\t\t\t\n\t\t\t\t<img decoding=\"async\" width=\"1024\" height=\"1024\" data-src=\"https:\/\/3dera.lt\/wp-content\/uploads\/2025\/10\/ChatGPT-Image-Oct-26-2025-04_37_53-PM.png\" class=\"attachment-woocommerce_thumbnail size-woocommerce_thumbnail lazyload\" alt=\"\" data-srcset=\"https:\/\/3dera.lt\/wp-content\/uploads\/2025\/10\/ChatGPT-Image-Oct-26-2025-04_37_53-PM.png 1024w, https:\/\/3dera.lt\/wp-content\/uploads\/2025\/10\/ChatGPT-Image-Oct-26-2025-04_37_53-PM-300x300.png 300w, https:\/\/3dera.lt\/wp-content\/uploads\/2025\/10\/ChatGPT-Image-Oct-26-2025-04_37_53-PM-150x150.png 150w, https:\/\/3dera.lt\/wp-content\/uploads\/2025\/10\/ChatGPT-Image-Oct-26-2025-04_37_53-PM-768x768.png 768w, https:\/\/3dera.lt\/wp-content\/uploads\/2025\/10\/ChatGPT-Image-Oct-26-2025-04_37_53-PM-12x12.png 12w, https:\/\/3dera.lt\/wp-content\/uploads\/2025\/10\/ChatGPT-Image-Oct-26-2025-04_37_53-PM-600x600.png 600w, https:\/\/3dera.lt\/wp-content\/uploads\/2025\/10\/ChatGPT-Image-Oct-26-2025-04_37_53-PM-128x128.png 128w\" data-sizes=\"(max-width: 1024px) 100vw, 1024px\" src=\"data:image\/svg+xml;base64,PHN2ZyB3aWR0aD0iMSIgaGVpZ2h0PSIxIiB4bWxucz0iaHR0cDovL3d3dy53My5vcmcvMjAwMC9zdmciPjwvc3ZnPg==\" style=\"--smush-placeholder-width: 1024px; --smush-placeholder-aspect-ratio: 1024\/1024;\" \/>\t\t\t<\/a>\n\t\t<\/div>\n\t\t<div class=\"hover-mask\">\n\t\t\t<h3 class=\"wd-entities-title\">\n\t\t\t\tKAL\u0116DOS <mark class=\"count\">(4)<\/mark>\t\t\t<\/h3>\n\n\t\t\t\n\t\t\t\t\t<\/div>\n\n\t\t\t\t<a href=\"https:\/\/3dera.lt\/lt\/produkto-kategorija\/christmas\/\" class=\"category-link wd-fill\" aria-label=\"Product category christmas\"><\/a>\n\t\t\t<\/div>\n<\/div>\n\n<div class=\"wd-col category-grid-item cat-design-default categories-with-shadow without-product-count product-category product last\" data-loop=\"3\">\n\t<div class=\"wrapp-category\">\n\t\t<div class=\"category-image-wrapp\">\n\t\t\t<a href=\"https:\/\/3dera.lt\/lt\/produkto-kategorija\/cookies\/\" class=\"category-image\" aria-label=\"Category image\">\n\t\t\t\t\n\t\t\t\t<img decoding=\"async\" width=\"1024\" height=\"1024\" data-src=\"https:\/\/3dera.lt\/wp-content\/uploads\/2025\/10\/ChatGPT-Image-Oct-26-2025-01_06_46-PM.png\" class=\"attachment-woocommerce_thumbnail size-woocommerce_thumbnail lazyload\" alt=\"\" data-srcset=\"https:\/\/3dera.lt\/wp-content\/uploads\/2025\/10\/ChatGPT-Image-Oct-26-2025-01_06_46-PM.png 1024w, https:\/\/3dera.lt\/wp-content\/uploads\/2025\/10\/ChatGPT-Image-Oct-26-2025-01_06_46-PM-300x300.png 300w, https:\/\/3dera.lt\/wp-content\/uploads\/2025\/10\/ChatGPT-Image-Oct-26-2025-01_06_46-PM-150x150.png 150w, https:\/\/3dera.lt\/wp-content\/uploads\/2025\/10\/ChatGPT-Image-Oct-26-2025-01_06_46-PM-768x768.png 768w, https:\/\/3dera.lt\/wp-content\/uploads\/2025\/10\/ChatGPT-Image-Oct-26-2025-01_06_46-PM-12x12.png 12w, https:\/\/3dera.lt\/wp-content\/uploads\/2025\/10\/ChatGPT-Image-Oct-26-2025-01_06_46-PM-600x600.png 600w, https:\/\/3dera.lt\/wp-content\/uploads\/2025\/10\/ChatGPT-Image-Oct-26-2025-01_06_46-PM-128x128.png 128w\" data-sizes=\"(max-width: 1024px) 100vw, 1024px\" src=\"data:image\/svg+xml;base64,PHN2ZyB3aWR0aD0iMSIgaGVpZ2h0PSIxIiB4bWxucz0iaHR0cDovL3d3dy53My5vcmcvMjAwMC9zdmciPjwvc3ZnPg==\" style=\"--smush-placeholder-width: 1024px; --smush-placeholder-aspect-ratio: 1024\/1024;\" \/>\t\t\t<\/a>\n\t\t<\/div>\n\t\t<div class=\"hover-mask\">\n\t\t\t<h3 class=\"wd-entities-title\">\n\t\t\t\tSausaini\u0173 Formel\u0117s <mark class=\"count\">(159)<\/mark>\t\t\t<\/h3>\n\n\t\t\t\n\t\t\t\t\t<\/div>\n\n\t\t\t\t<a href=\"https:\/\/3dera.lt\/lt\/produkto-kategorija\/cookies\/\" class=\"category-link wd-fill\" aria-label=\"Product category cookies\"><\/a>\n\t\t\t<\/div>\n<\/div>\n\n<div class=\"wd-col category-grid-item cat-design-default categories-with-shadow without-product-count product-category product first\" data-loop=\"4\">\n\t<div class=\"wrapp-category\">\n\t\t<div class=\"category-image-wrapp\">\n\t\t\t<a href=\"https:\/\/3dera.lt\/lt\/produkto-kategorija\/home-decor\/\" class=\"category-image\" aria-label=\"Category image\">\n\t\t\t\t\n\t\t\t\t<img decoding=\"async\" width=\"1024\" height=\"1024\" data-src=\"https:\/\/3dera.lt\/wp-content\/uploads\/2025\/10\/ChatGPT-Image-Oct-26-2025-02_24_40-PM.png\" class=\"attachment-woocommerce_thumbnail size-woocommerce_thumbnail lazyload\" alt=\"\" data-srcset=\"https:\/\/3dera.lt\/wp-content\/uploads\/2025\/10\/ChatGPT-Image-Oct-26-2025-02_24_40-PM.png 1024w, https:\/\/3dera.lt\/wp-content\/uploads\/2025\/10\/ChatGPT-Image-Oct-26-2025-02_24_40-PM-300x300.png 300w, https:\/\/3dera.lt\/wp-content\/uploads\/2025\/10\/ChatGPT-Image-Oct-26-2025-02_24_40-PM-150x150.png 150w, https:\/\/3dera.lt\/wp-content\/uploads\/2025\/10\/ChatGPT-Image-Oct-26-2025-02_24_40-PM-768x768.png 768w, https:\/\/3dera.lt\/wp-content\/uploads\/2025\/10\/ChatGPT-Image-Oct-26-2025-02_24_40-PM-12x12.png 12w, https:\/\/3dera.lt\/wp-content\/uploads\/2025\/10\/ChatGPT-Image-Oct-26-2025-02_24_40-PM-600x600.png 600w, https:\/\/3dera.lt\/wp-content\/uploads\/2025\/10\/ChatGPT-Image-Oct-26-2025-02_24_40-PM-128x128.png 128w\" data-sizes=\"(max-width: 1024px) 100vw, 1024px\" src=\"data:image\/svg+xml;base64,PHN2ZyB3aWR0aD0iMSIgaGVpZ2h0PSIxIiB4bWxucz0iaHR0cDovL3d3dy53My5vcmcvMjAwMC9zdmciPjwvc3ZnPg==\" style=\"--smush-placeholder-width: 1024px; --smush-placeholder-aspect-ratio: 1024\/1024;\" \/>\t\t\t<\/a>\n\t\t<\/div>\n\t\t<div class=\"hover-mask\">\n\t\t\t<h3 class=\"wd-entities-title\">\n\t\t\t\tHome Decor <mark class=\"count\">(1)<\/mark>\t\t\t<\/h3>\n\n\t\t\t\n\t\t\t\t\t<\/div>\n\n\t\t\t\t<a href=\"https:\/\/3dera.lt\/lt\/produkto-kategorija\/home-decor\/\" class=\"category-link wd-fill\" aria-label=\"Product category home-decor\"><\/a>\n\t\t\t<\/div>\n<\/div>\n\n<div class=\"wd-col category-grid-item cat-design-default categories-with-shadow without-product-count product-category product\" data-loop=\"5\">\n\t<div class=\"wrapp-category\">\n\t\t<div class=\"category-image-wrapp\">\n\t\t\t<a href=\"https:\/\/3dera.lt\/lt\/produkto-kategorija\/lightboxes\/\" class=\"category-image\" aria-label=\"Category image\">\n\t\t\t\t\n\t\t\t\t<img decoding=\"async\" width=\"300\" height=\"300\" data-src=\"https:\/\/3dera.lt\/wp-content\/uploads\/2023\/11\/led_pikachu_sitting_render_v1_2023-oct-23_07-59-50pm-000_customizedview17596934010-300x300.webp\" class=\"attachment-woocommerce_thumbnail size-woocommerce_thumbnail lazyload\" alt=\"\" data-srcset=\"https:\/\/3dera.lt\/wp-content\/uploads\/2023\/11\/led_pikachu_sitting_render_v1_2023-oct-23_07-59-50pm-000_customizedview17596934010-300x300.webp 300w, https:\/\/3dera.lt\/wp-content\/uploads\/2023\/11\/led_pikachu_sitting_render_v1_2023-oct-23_07-59-50pm-000_customizedview17596934010-150x150.webp 150w, https:\/\/3dera.lt\/wp-content\/uploads\/2023\/11\/led_pikachu_sitting_render_v1_2023-oct-23_07-59-50pm-000_customizedview17596934010-768x768.webp 768w, https:\/\/3dera.lt\/wp-content\/uploads\/2023\/11\/led_pikachu_sitting_render_v1_2023-oct-23_07-59-50pm-000_customizedview17596934010-12x12.webp 12w, https:\/\/3dera.lt\/wp-content\/uploads\/2023\/11\/led_pikachu_sitting_render_v1_2023-oct-23_07-59-50pm-000_customizedview17596934010-600x600.webp 600w, https:\/\/3dera.lt\/wp-content\/uploads\/2023\/11\/led_pikachu_sitting_render_v1_2023-oct-23_07-59-50pm-000_customizedview17596934010-128x128.webp 128w, https:\/\/3dera.lt\/wp-content\/uploads\/2023\/11\/led_pikachu_sitting_render_v1_2023-oct-23_07-59-50pm-000_customizedview17596934010-500x500.webp 500w, https:\/\/3dera.lt\/wp-content\/uploads\/2023\/11\/led_pikachu_sitting_render_v1_2023-oct-23_07-59-50pm-000_customizedview17596934010-100x100.webp 100w, https:\/\/3dera.lt\/wp-content\/uploads\/2023\/11\/led_pikachu_sitting_render_v1_2023-oct-23_07-59-50pm-000_customizedview17596934010.webp 960w\" data-sizes=\"(max-width: 300px) 100vw, 300px\" src=\"data:image\/svg+xml;base64,PHN2ZyB3aWR0aD0iMSIgaGVpZ2h0PSIxIiB4bWxucz0iaHR0cDovL3d3dy53My5vcmcvMjAwMC9zdmciPjwvc3ZnPg==\" style=\"--smush-placeholder-width: 300px; --smush-placeholder-aspect-ratio: 300\/300;\" \/>\t\t\t<\/a>\n\t\t<\/div>\n\t\t<div class=\"hover-mask\">\n\t\t\t<h3 class=\"wd-entities-title\">\n\t\t\t\t\u0160viesd\u0117\u017e\u0117s <mark class=\"count\">(6)<\/mark>\t\t\t<\/h3>\n\n\t\t\t\n\t\t\t\t\t<\/div>\n\n\t\t\t\t<a href=\"https:\/\/3dera.lt\/lt\/produkto-kategorija\/lightboxes\/\" class=\"category-link wd-fill\" aria-label=\"Product category lightboxes\"><\/a>\n\t\t\t<\/div>\n<\/div>\n\n<div class=\"wd-col category-grid-item cat-design-default categories-with-shadow without-product-count product-category product last\" data-loop=\"6\">\n\t<div class=\"wrapp-category\">\n\t\t<div class=\"category-image-wrapp\">\n\t\t\t<a href=\"https:\/\/3dera.lt\/lt\/produkto-kategorija\/toys\/\" class=\"category-image\" aria-label=\"Category image\">\n\t\t\t\t\n\t\t\t\t<img decoding=\"async\" width=\"1024\" height=\"1024\" data-src=\"https:\/\/3dera.lt\/wp-content\/uploads\/2025\/10\/ChatGPT-Image-Oct-26-2025-03_18_05-PM.png\" class=\"attachment-woocommerce_thumbnail size-woocommerce_thumbnail lazyload\" alt=\"\" data-srcset=\"https:\/\/3dera.lt\/wp-content\/uploads\/2025\/10\/ChatGPT-Image-Oct-26-2025-03_18_05-PM.png 1024w, https:\/\/3dera.lt\/wp-content\/uploads\/2025\/10\/ChatGPT-Image-Oct-26-2025-03_18_05-PM-300x300.png 300w, https:\/\/3dera.lt\/wp-content\/uploads\/2025\/10\/ChatGPT-Image-Oct-26-2025-03_18_05-PM-150x150.png 150w, https:\/\/3dera.lt\/wp-content\/uploads\/2025\/10\/ChatGPT-Image-Oct-26-2025-03_18_05-PM-768x768.png 768w, https:\/\/3dera.lt\/wp-content\/uploads\/2025\/10\/ChatGPT-Image-Oct-26-2025-03_18_05-PM-12x12.png 12w, https:\/\/3dera.lt\/wp-content\/uploads\/2025\/10\/ChatGPT-Image-Oct-26-2025-03_18_05-PM-600x600.png 600w, https:\/\/3dera.lt\/wp-content\/uploads\/2025\/10\/ChatGPT-Image-Oct-26-2025-03_18_05-PM-128x128.png 128w\" data-sizes=\"(max-width: 1024px) 100vw, 1024px\" src=\"data:image\/svg+xml;base64,PHN2ZyB3aWR0aD0iMSIgaGVpZ2h0PSIxIiB4bWxucz0iaHR0cDovL3d3dy53My5vcmcvMjAwMC9zdmciPjwvc3ZnPg==\" style=\"--smush-placeholder-width: 1024px; --smush-placeholder-aspect-ratio: 1024\/1024;\" \/>\t\t\t<\/a>\n\t\t<\/div>\n\t\t<div class=\"hover-mask\">\n\t\t\t<h3 class=\"wd-entities-title\">\n\t\t\t\t\u017daislai <mark class=\"count\">(4)<\/mark>\t\t\t<\/h3>\n\n\t\t\t\n\t\t\t\t\t<\/div>\n\n\t\t\t\t<a href=\"https:\/\/3dera.lt\/lt\/produkto-kategorija\/toys\/\" class=\"category-link wd-fill\" aria-label=\"Product category toys\"><\/a>\n\t\t\t<\/div>\n<\/div>\n\t\t\t\t\t<\/div>\n\t\t\t\t<\/div>\n\t\t\t\t<\/div><\/div><\/div><\/div><div class=\"vc_row wpb_row vc_row-fluid\"><div class=\"wpb_column vc_column_container vc_col-sm-12\"><div class=\"vc_column-inner\"><div class=\"wpb_wrapper\"><div class=\"vc_empty_space\"   style=\"height: 240px\"><span class=\"vc_empty_space_inner\"><\/span><\/div><\/div><\/div><\/div><\/div><div class=\"vc_row wpb_row vc_row-fluid wd-rs-68f51df3377fd\"><div class=\"wpb_column vc_column_container vc_col-sm-12 wd-enabled-flex text-left wd-rs-68f51676806e2\"><div class=\"vc_column-inner\"><div class=\"wpb_wrapper\"><h2 style=\"text-align: center\" class=\"vc_custom_heading vc_do_custom_heading\" >Have a custom 3D piece in mind or want to suggest a new product for our store and get a discount? Contact us below \u2193<\/h2>\n<div class=\"wpcf7 no-js\" id=\"wpcf7-f13875-o1\" lang=\"en-US\" dir=\"ltr\" data-wpcf7-id=\"13875\">\n<div class=\"screen-reader-response\"><p role=\"status\" aria-live=\"polite\" aria-atomic=\"true\"><\/p> <ul><\/ul><\/div>\n<form action=\"\/lt\/wp-json\/wp\/v2\/pages\/9576#wpcf7-f13875-o1\" method=\"post\" class=\"wpcf7-form init\" aria-label=\"Contact form\" enctype=\"multipart\/form-data\" novalidate=\"novalidate\" data-status=\"init\" data-trp-original-action=\"\/lt\/wp-json\/wp\/v2\/pages\/9576#wpcf7-f13875-o1\">\n<fieldset class=\"hidden-fields-container\"><input type=\"hidden\" name=\"_wpcf7\" value=\"13875\" \/><input type=\"hidden\" name=\"_wpcf7_version\" value=\"6.1.2\" \/><input type=\"hidden\" name=\"_wpcf7_locale\" value=\"en_US\" \/><input type=\"hidden\" name=\"_wpcf7_unit_tag\" value=\"wpcf7-f13875-o1\" \/><input type=\"hidden\" name=\"_wpcf7_container_post\" value=\"0\" \/><input type=\"hidden\" name=\"_wpcf7_posted_data_hash\" value=\"\" \/>\n<\/fieldset>\n<p><label> Name*<br \/>\n<span class=\"wpcf7-form-control-wrap\" data-name=\"your-name\"><input size=\"40\" maxlength=\"400\" class=\"wpcf7-form-control wpcf7-text wpcf7-validates-as-required\" autocomplete=\"name\" aria-required=\"true\" aria-invalid=\"false\" value=\"\" type=\"text\" name=\"your-name\" \/><\/span> <\/label>\n<\/p>\n<p><label> Email Address*<br \/>\n<span class=\"wpcf7-form-control-wrap\" data-name=\"your-email\"><input size=\"40\" maxlength=\"400\" class=\"wpcf7-form-control wpcf7-email wpcf7-validates-as-required wpcf7-text wpcf7-validates-as-email\" autocomplete=\"email\" aria-required=\"true\" aria-invalid=\"false\" value=\"\" type=\"email\" name=\"your-email\" \/><\/span> <\/label>\n<\/p>\n<p><label> Tema (privalomas)<br \/>\n<span class=\"wpcf7-form-control-wrap\" data-name=\"your-subject\"><input size=\"40\" maxlength=\"400\" class=\"wpcf7-form-control wpcf7-text wpcf7-validates-as-required\" aria-required=\"true\" aria-invalid=\"false\" value=\"\" type=\"text\" name=\"your-subject\" \/><\/span> <\/label>\n<\/p>\n<p><label> \u017dinut\u0117<br \/>\n<span class=\"wpcf7-form-control-wrap\" data-name=\"your-message\"><textarea cols=\"40\" rows=\"10\" maxlength=\"2000\" class=\"wpcf7-form-control wpcf7-textarea\" aria-invalid=\"false\" name=\"your-message\"><\/textarea><\/span> <\/label><br \/>\n<label> Attach File (optional)<br \/>\n<span class=\"wpcf7-form-control-wrap\" data-name=\"file-955\"><input size=\"40\" class=\"wpcf7-form-control wpcf7-file\" accept=\".stl,.obj,.3mf,.amf,.step,.png,.img,.jpeg\" aria-invalid=\"false\" type=\"file\" name=\"file-955\" \/><\/span> <\/label>\n<\/p>\n<p><input class=\"wpcf7-form-control wpcf7-submit has-spinner\" type=\"submit\" value=\"SI\u0172STI\" \/>\n<\/p><div class=\"wpcf7-response-output\" aria-hidden=\"true\"><\/div>\n<input type=\"hidden\" name=\"trp-form-language\" value=\"lt\"\/><\/form>\n<\/div>\n<\/div><\/div><\/div><div class=\"wpb_column vc_column_container vc_col-sm-12\"><div class=\"vc_column-inner\"><div class=\"wpb_wrapper\"><\/div><\/div><\/div><\/div>\n<\/div>","protected":false},"excerpt":{"rendered":"Explore Unique 3D CreationsDiscover innovative 3D printed items for every need, from decor to functional accessories.Shop Keychains (3) CHRISTMAS (4)","protected":false},"author":1,"featured_media":0,"parent":0,"menu_order":0,"comment_status":"closed","ping_status":"closed","template":"","meta":{"footnotes":""},"class_list":["post-9576","page","type-page","status-publish","hentry"],"yoast_head":"<!-- This site is optimized with the Yoast SEO plugin v22.8 - https:\/\/yoast.com\/wordpress\/plugins\/seo\/ -->\n<title>3dera.lt<\/title>\n<meta name=\"robots\" content=\"index, follow, max-snippet:-1, max-image-preview:large, max-video-preview:-1\" \/>\n<link rel=\"canonical\" href=\"https:\/\/3dera.lt\/lt\/\" \/>\n<meta property=\"og:locale\" content=\"lt_LT\" \/>\n<meta property=\"og:type\" content=\"article\" \/>\n<meta property=\"og:title\" content=\"3dera.lt\" \/>\n<meta property=\"og:url\" content=\"https:\/\/3dera.lt\/lt\/\" \/>\n<meta property=\"og:site_name\" content=\"3dera.lt\" \/>\n<meta property=\"article:modified_time\" content=\"2025-10-26T18:48:24+00:00\" \/>\n<meta name=\"twitter:card\" content=\"summary_large_image\" \/>\n<meta name=\"twitter:label1\" content=\"Est. reading time\" \/>\n\t<meta name=\"twitter:data1\" content=\"2 minut\u0117s\" \/>\n<script type=\"application\/ld+json\" class=\"yoast-schema-graph\">{\"@context\":\"https:\/\/schema.org\",\"@graph\":[{\"@type\":\"WebPage\",\"@id\":\"https:\/\/3dera.lt\/\",\"url\":\"https:\/\/3dera.lt\/\",\"name\":\"3dera.lt\",\"isPartOf\":{\"@id\":\"https:\/\/3dera.lt\/#website\"},\"datePublished\":\"2023-11-30T11:20:00+00:00\",\"dateModified\":\"2025-10-26T18:48:24+00:00\",\"breadcrumb\":{\"@id\":\"https:\/\/3dera.lt\/#breadcrumb\"},\"inLanguage\":\"lt-LT\",\"potentialAction\":[{\"@type\":\"ReadAction\",\"target\":[\"https:\/\/3dera.lt\/\"]}]},{\"@type\":\"BreadcrumbList\",\"@id\":\"https:\/\/3dera.lt\/#breadcrumb\",\"itemListElement\":[{\"@type\":\"ListItem\",\"position\":1,\"name\":\"Home\",\"item\":\"https:\/\/3dera.lt\/\"},{\"@type\":\"ListItem\",\"position\":2,\"name\":\"Home\"}]},{\"@type\":\"WebSite\",\"@id\":\"https:\/\/3dera.lt\/#website\",\"url\":\"https:\/\/3dera.lt\/\",\"name\":\"3D Era\",\"description\":\"3D Spausdintos dekoracijos bei 3D spausdinimo paslaugos\",\"publisher\":{\"@id\":\"https:\/\/3dera.lt\/#\/schema\/person\/711cfcf54c7b4e81a41d26303c862ae6\"},\"potentialAction\":[{\"@type\":\"SearchAction\",\"target\":{\"@type\":\"EntryPoint\",\"urlTemplate\":\"https:\/\/3dera.lt\/?s={search_term_string}\"},\"query-input\":\"required name=search_term_string\"}],\"inLanguage\":\"lt-LT\"},{\"@type\":[\"Person\",\"Organization\"],\"@id\":\"https:\/\/3dera.lt\/#\/schema\/person\/711cfcf54c7b4e81a41d26303c862ae6\",\"name\":\"3dera.lt\",\"image\":{\"@type\":\"ImageObject\",\"inLanguage\":\"lt-LT\",\"@id\":\"https:\/\/3dera.lt\/#\/schema\/person\/image\/\",\"url\":\"https:\/\/3dera.lt\/wp-content\/uploads\/2023\/11\/cropped-cropped-logo.png\",\"contentUrl\":\"https:\/\/3dera.lt\/wp-content\/uploads\/2023\/11\/cropped-cropped-logo.png\",\"width\":303,\"height\":308,\"caption\":\"3dera.lt\"},\"logo\":{\"@id\":\"https:\/\/3dera.lt\/#\/schema\/person\/image\/\"},\"sameAs\":[\"http:\/\/3dera.lt\"]}]}<\/script>\n<!-- \/ Yoast SEO plugin. -->","yoast_head_json":{"title":"3dera.lt","robots":{"index":"index","follow":"follow","max-snippet":"max-snippet:-1","max-image-preview":"max-image-preview:large","max-video-preview":"max-video-preview:-1"},"canonical":"https:\/\/3dera.lt\/lt\/","og_locale":"lt_LT","og_type":"article","og_title":"3dera.lt","og_url":"https:\/\/3dera.lt\/lt\/","og_site_name":"3dera.lt","article_modified_time":"2025-10-26T18:48:24+00:00","twitter_card":"summary_large_image","twitter_misc":{"Est. reading time":"2 minut\u0117s"},"schema":{"@context":"https:\/\/schema.org","@graph":[{"@type":"WebPage","@id":"https:\/\/3dera.lt\/","url":"https:\/\/3dera.lt\/","name":"3dera.lt","isPartOf":{"@id":"https:\/\/3dera.lt\/#website"},"datePublished":"2023-11-30T11:20:00+00:00","dateModified":"2025-10-26T18:48:24+00:00","breadcrumb":{"@id":"https:\/\/3dera.lt\/#breadcrumb"},"inLanguage":"lt-LT","potentialAction":[{"@type":"ReadAction","target":["https:\/\/3dera.lt\/"]}]},{"@type":"BreadcrumbList","@id":"https:\/\/3dera.lt\/#breadcrumb","itemListElement":[{"@type":"ListItem","position":1,"name":"Home","item":"https:\/\/3dera.lt\/"},{"@type":"ListItem","position":2,"name":"Home"}]},{"@type":"WebSite","@id":"https:\/\/3dera.lt\/#website","url":"https:\/\/3dera.lt\/","name":"3D Era","description":"3D Spausdintos dekoracijos bei 3D spausdinimo paslaugos","publisher":{"@id":"https:\/\/3dera.lt\/#\/schema\/person\/711cfcf54c7b4e81a41d26303c862ae6"},"potentialAction":[{"@type":"SearchAction","target":{"@type":"EntryPoint","urlTemplate":"https:\/\/3dera.lt\/?s={search_term_string}"},"query-input":"required name=search_term_string"}],"inLanguage":"lt-LT"},{"@type":["Person","Organization"],"@id":"https:\/\/3dera.lt\/#\/schema\/person\/711cfcf54c7b4e81a41d26303c862ae6","name":"3dera.lt","image":{"@type":"ImageObject","inLanguage":"lt-LT","@id":"https:\/\/3dera.lt\/#\/schema\/person\/image\/","url":"https:\/\/3dera.lt\/wp-content\/uploads\/2023\/11\/cropped-cropped-logo.png","contentUrl":"https:\/\/3dera.lt\/wp-content\/uploads\/2023\/11\/cropped-cropped-logo.png","width":303,"height":308,"caption":"3dera.lt"},"logo":{"@id":"https:\/\/3dera.lt\/#\/schema\/person\/image\/"},"sameAs":["http:\/\/3dera.lt"]}]}},"jetpack_sharing_enabled":true,"_links":{"self":[{"href":"https:\/\/3dera.lt\/lt\/wp-json\/wp\/v2\/pages\/9576","targetHints":{"allow":["GET"]}}],"collection":[{"href":"https:\/\/3dera.lt\/lt\/wp-json\/wp\/v2\/pages"}],"about":[{"href":"https:\/\/3dera.lt\/lt\/wp-json\/wp\/v2\/types\/page"}],"author":[{"embeddable":true,"href":"https:\/\/3dera.lt\/lt\/wp-json\/wp\/v2\/users\/1"}],"replies":[{"embeddable":true,"href":"https:\/\/3dera.lt\/lt\/wp-json\/wp\/v2\/comments?post=9576"}],"version-history":[{"count":99,"href":"https:\/\/3dera.lt\/lt\/wp-json\/wp\/v2\/pages\/9576\/revisions"}],"predecessor-version":[{"id":13952,"href":"https:\/\/3dera.lt\/lt\/wp-json\/wp\/v2\/pages\/9576\/revisions\/13952"}],"wp:attachment":[{"href":"https:\/\/3dera.lt\/lt\/wp-json\/wp\/v2\/media?parent=9576"}],"curies":[{"name":"wp","href":"https:\/\/api.w.org\/{rel}","templated":true}]}}