{"id":9625,"date":"2023-12-04T16:05:09","date_gmt":"2023-12-04T16:05:09","guid":{"rendered":"https:\/\/3dera.lt\/?page_id=9625"},"modified":"2023-12-04T17:04:43","modified_gmt":"2023-12-04T17:04:43","slug":"terms-and-conditions","status":"publish","type":"page","link":"https:\/\/3dera.lt\/lt\/terms-and-conditions\/","title":{"rendered":"Terms And Conditions"},"content":{"rendered":"<div class=\"wpb-content-wrapper\"><div class=\"vc_row wpb_row vc_row-fluid\"><div class=\"wpb_column vc_column_container vc_col-sm-12\"><div class=\"vc_column-inner\"><div class=\"wpb_wrapper\">\n\t<div class=\"wpb_text_column wpb_content_element\" >\n\t\t<div class=\"wpb_wrapper\">\n\t\t\t<h1><strong>Terminai ir s\u0105lygos<\/strong><\/h1>\n<p>&nbsp;<\/p>\n<p><strong>1. Bendrosios nuostatos<\/strong><\/p>\n<p class=\"translation-block\">1.1.\u0160ios pirkimo ir pardavimo taisykl\u0117s (toliau \u2013 Taisykl\u0117s) nustato asmens, \u012fsigyjan\u010dio prekes https:\/\/3dera.lt elektronin\u0117je parduotuv\u0117je (toliau \u2013 Pirk\u0117jas), ir 3D Era (toliau \u2013 Pardav\u0117jas) tarpusavio teises, pareigas ir atsakomyb\u0119, Pirk\u0117jui renkantis, u\u017esakant ir perkant prekes elektronin\u0117je parduotuv\u0117je si\u016blomas prekes ar kitaip naudojantis https:\/\/3dera.lt teikiamomis paslaugomis. \u012esigydamas prekes elektronin\u0117je parduotuv\u0117je, Pirk\u0117jas sutinka su \u0161i\u0173 Taisykli\u0173 taikymu.\n<br>\n1.2.Naudotis elektronin\u0117s parduotuv\u0117s paslaugomis turi teis\u0119:\n<br>\n1.2.1.      veiksn\u016bs fiziniai asmenys, ne jaunesni kaip 18 met\u0173 am\u017eiaus;\n<br>\n1.2.2.      nepilname\u010diai nuo penkiolikos iki a\u0161tuoniolikos met\u0173 am\u017eiaus tik tur\u0117dami t\u0117v\u0173, \u012ft\u0117vi\u0173 arba r\u016bpintoj\u0173 sutikim\u0105, i\u0161skyrus tuos atvejus, kai savaranki\u0161kai disponuojama savo u\u017edarbiu ar stipendija;\n<br>\n1.2.3.      juridiniai asmenys;\n<br>\n1.2.4.      vis\u0173 auk\u0161\u010diau nurodyt\u0173 asmen\u0173 \u012fgalioti atstovai.\n<br>\n1.3.Pirk\u0117jo pateikti asmens duomenys (vardas, pavard\u0117, adresas, telefonas, el. pa\u0161to adresas) atliekant u\u017esakym\u0105 naudojami, kad b\u016bt\u0173 galima:\n<br>\n1.3.1.      apdoroti Pirk\u0117jo preki\u0173 u\u017esakymus;\n<br>\n1.3.2.      i\u0161ra\u0161yti finansinius dokumentus;\n<br>\n1.3.3.      i\u0161pr\u0119sti problemas, susijusias su preki\u0173 pateikimu ar pristatymu;\n<br>\n1.3.4.      \u012fvykdyti kitus sutartinius \u012fsipareigojimus;\n<br>\n1.4.Registracijos U\u017esakymo metu Pirk\u0117jas privalo pateikti i\u0161samius ir teisingus asmens duomenis. Pasikeitus Pirk\u0117jo asmens duomenims, Pirk\u0117jas privalo nedelsdamas duomenis atnaujinti.\n<br>\n1.4.1.      Atlikus u\u017esakym\u0105 duomenys nesaugomi (\u017er. p. 2.3.).\n<br>\n1.5.Preki\u0173 kainos, nurodytos preki\u0173 kataloge, galioja tik perkant \u0161ias prekes svetain\u0117je https:\/\/3dera.lt j\u0173 u\u017esakymo pateikimo momentu. Preki\u0173 kainos elektronin\u0117je parduotuv\u0117je ir suformuotame u\u017esakyme nurodomos Eurais su PVM. Pristatymo kainos ne\u012fskai\u010diuotos \u2013 jos nurodomos elektronin\u0117s parduotuv\u0117s puslapyje \u201ePristatymas\u201c.<\/p>\n<p><strong>2. Pirkimo-Pardavimo sutarties sudarymo momentas<\/strong><\/p>\n<p>2.1. Pirkimo-pardavimo sutartis tarp Pirk\u0117jo ir Pardav\u0117jo laikoma sudaryta nuo tada, kai Pirk\u0117jas, elektronin\u0117je parduotuv\u0117je suformav\u0119s preki\u0173 krep\u0161el\u012f, nurod\u0119s pristatymo adres\u0105, pasirinko apmok\u0117jimo b\u016bd\u0105 ir susipa\u017eino (perskait\u0119 pa\u017eymite lauk\u0105  \u201eSutinku su pardav\u0117jo s\u0105lygomis\u201c) su \u0161iomis Taisykl\u0117mis, atliko apmok\u0117jim\u0105, o Pardav\u0117jas apmok\u0117jim\u0105 gavo, ir galioja iki visi\u0161ko pareig\u0173 pagal \u0161i\u0105 sutart\u012f \u012fvykdymo. Tais atvejais, kai Pirk\u0117jas nepritaria visoms arba tam tikrai daliai Taisykli\u0173, jis privalo nepateikti u\u017esakymo.<br \/>\n2.2. Apie pirkimo-pardavimo sutarties sudarym\u0105 Pardav\u0117jas informuoja Pirk\u0117j\u0105, i\u0161si\u0173sdamas prane\u0161im\u0105 su i\u0161ankstinio mok\u0117jimo s\u0105skaita Pirk\u0117jo nurodytu el. pa\u0161to adresu.<br \/>\n2.3. Kiekviena sutartis, sudaryta tarp Pirk\u0117jo ir Pardav\u0117jo, yra saugoma https:\/\/3dera.lt  duomen\u0173 baz\u0117je.<\/p>\n<p><strong>3. Pirk\u0117jo teis\u0117s ir pareigos<\/strong><\/p>\n<p>3.1. Pirk\u0117jas turi teis\u0119 pirkti prekes elektronin\u0117je parduotuv\u0117je, vadovaudamasis \u0161iomis Taisykl\u0117mis bei Lietuvos Respublikos teis\u0117s aktais.<br \/>\n3.2. Pirk\u0117jas, naudodamasis U\u017esakymo paslaugomis, sutinka su \u0161iomis pirkimo-pardavimo sutarties Taisykl\u0117mis ir privalo j\u0173 laikytis.<br \/>\n3.3. Pirk\u0117jas atsako u\u017e visus veiksmus, atliktus naudojantis U\u017esakymu.<br \/>\n3.4. Pirk\u0117jas privalo sumok\u0117ti preki\u0173 ir j\u0173 pristatymo kain\u0105, taip pat kitus mok\u0117jimus (jei tokie nurodyti sudarant sutart\u012f) ir priimti u\u017esakytas prekes.<br \/>\n3.5. Gav\u0119s i\u0161ankstin\u0119 \u0105skait\u0105 u\u017e u\u017esakytas prekes Pirk\u0117jas sumoka naudodamasis savo banku internete ne v\u0117liau kaip per 24 valandas nuo mygtuko \u201eU\u017esakyti\u201d paspaudimo. Pirk\u0117jo pasirinktos prek\u0117s rezervuojamos bei Pardav\u0117jas imasi vykdyti pirkimo-pardavimo sutart\u012f tik tada, kai Pardav\u0117jas gauna prane\u0161im\u0105 i\u0161 Pirk\u0117jo banko ar Pirk\u0117jo apie atlikt\u0105 mok\u0117jim\u0105 u\u017e pasirinktas prekes. Neatlikus mok\u0117jimo per nurodyt\u0105 laikotarp\u012f, Pirk\u0117jo u\u017esakymas at\u0161aukiamas.<br \/>\n3.6. Pirk\u0117jas privalo priimti u\u017esakytas prekes. Jei Pirk\u0117jas, be svarbi\u0173 prie\u017eas\u010di\u0173 atsisako priimti prekes, jis privalo padengti preki\u0173 gr\u0105\u017einimo i\u0161laidas.<br \/>\n3.7. Pardav\u0117jas neatsako u\u017e jokius tre\u010di\u0173j\u0173 asmen\u0173 veiksmus, kai tokie asmenys, pasinaudoj\u0119 Pirk\u0117jo bankininkyst\u0117s sistema, sudaro pirkimo-pardavimo sutartis, pasinaudodami U\u017esakymo paslaugomis.<\/p>\n<p><strong>4. Pardav\u0117jo teis\u0117s ir pareigos<\/strong><\/p>\n<p>4.1. Pardav\u0117jas \u012fsipareigoja sudaryti visas s\u0105lygas Pirk\u0117jui tinkamai naudotis elektronin\u0117s parduotuv\u0117s teikiamomis paslaugomis. Pardav\u0117jas neatsako u\u017e nuo jo nepriklausan\u010di\u0173 aplinkybi\u0173 (tre\u010di\u0173j\u0173 \u0161ali\u0173 \u012ftaka), jeigu elektronin\u0117s parduotuv\u0117s veikimas sutriks.<br \/>\n4.2. Jei Pirk\u0117jas bando pakenkti elektronin\u0117s parduotuv\u0117s darbui ar stabiliam veikimui, Pardav\u0117jas gali be i\u0161ankstinio persp\u0117jimo apriboja, sustabdo (nutraukia) jam galimyb\u0119 naudotis elektronine parduotuve ir neatsako u\u017e jokius su tuo susijusius Pirk\u0117jo nuostolius.<br \/>\n4.3. Pardav\u0117jas turi teis\u0119 viena\u0161ali\u0161kai pakeisti \u0161ias Taisykles, jas paskelbdamas elektronin\u0117s parduotuv\u0117s tinklalapyje. Pakeitimai \u012fsigalioja nuo paskelbimo momento visiems po paskelbimo sudaromiems sandoriams.<br \/>\n4.4. Pardav\u0117jas \u012fsipareigoja laikytis kit\u0173 \u0161iose Taisykl\u0117se nustatyt\u0173 reikalavim\u0173.<br \/>\n4.5. Pardav\u0117jas turi kitas Taisykl\u0117se ir Lietuvos Respublikos teis\u0117s aktuose numatytas teises.<\/p>\n<p><strong>5. Preki\u0173 pristatymas<\/strong><\/p>\n<p>5.1. Prekes, Pirk\u0117jo s\u0105skaita, pristato transporto \u012fmon\u0117. Atskirais, Pardav\u0117jo nurodytais atvejais, prek\u0117s pristatomos Pardav\u0117jo s\u0105skaita.<br \/>\n5.2. Tiksli pristatymo kaina priklauso nuo u\u017esakom\u0173 preki\u0173 svorio ir sumos.<br \/>\n5.3. \u012eprastai prek\u0117s pristatomos Pirk\u0117jo nurodytu adresu per 3-4 darbo dienas nuo gauto apmok\u0117jimo u\u017e prekes. Prek\u0117s pristatomos visoje Lietuvos Respublikos teritorijoje, \u012fskaitant Kur\u0161i\u0173 Nerij\u0105 (gali b\u016bti taikoma papildoma priemoka, priklauso nuo pasirinkto pristatymo b\u016bdo).<br \/>\n5.4. Tiksli preki\u0173 pristatymo diena nurodoma Pardav\u0117jo Pirk\u0117jui pateikiamame prane\u0161ime el. pa\u0161to adresu, Pirk\u0117jo nurodytu registracijos formoje. Pirk\u0117jas turi galimyb\u0119 steb\u0117ti savo u\u017esakymo vykdym\u0105, naudodami siuntos sekimo numer\u012f, nurodyt\u0105 el. lai\u0161ke su u\u017esakymo patvirtinimu, arba \"U\u017esakym\u0173\" skiltyje (tik registruotiems vartotojams). Atitinkamai Pirk\u0117jas, sudar\u0119s pirkimo-pardavimo sutart\u012f, \u012fsipareigoja kiekvien\u0105 dien\u0105 tikrinti min\u0117to el. pa\u0161to d\u0117\u017eut\u0119, kol bus gautas prane\u0161imas d\u0117l preki\u0173 pristatymo.<br \/>\n5.5. Siuntos pristatymo metu Pirk\u0117jas ar, atsi\u017evelgiant \u012f atvej\u012f, Pirk\u0117jo atstovas, privalo kartu su transporto \u012fmon\u0117s atstovu patikrinti siuntos pakuot\u0117s b\u016bkl\u0119, preki\u0173 kiek\u012f, kokyb\u0119 ir asortiment\u0105.<br \/>\n5.5.1. Nusta\u010dius siuntos pakuot\u0117s pa\u017eeidim\u0105, preki\u0173 kiekio, kokyb\u0117s, asortimento neatitikim\u0105, Pirk\u0117jas ar, atsi\u017evelgiant \u012f atvej\u012f, Pirk\u0117jo atstovas siuntos privalo nepriimti. Tokiu atveju transporto \u012fmon\u0117s atstovas kartu su Pirk\u0117ju ar, atsi\u017evelgiant \u012f atvej\u012f, Pirk\u0117jo atstovu u\u017epildo special\u0173 siunt\u0173 patikrinimo akt\u0105, kuriame nurodo rastus pa\u017eeidimus.<br \/>\n5.5.2. Pirk\u0117jui ar, atsi\u017evelgiant \u012f atvej\u012f, Pirk\u0117jo atstovui, pri\u0117mus siunt\u0105 ir pasira\u0161ius transporto \u012fmon\u0117s atstovo pateiktame duomen\u0173 kaupiklyje arba popieriniame pristatymo patvirtinime be pastab\u0173, laikoma, kad prek\u0117s pristatytos nepa\u017eeistoje siuntos pakuot\u0117je, preki\u0173 kiekis, kokyb\u0117, asortimentas atitinka pirkimo ir pardavimo sutarties s\u0105lygas, papildomos paslaugos, nurodytos duomen\u0173 kaupiklyje arba popieriniame pristatymo patvirtinime, tinkamai atliktos, jei ne\u012frodoma prie\u0161ingai.<br \/>\n5.6. Kartu su u\u017esakytomis prek\u0117mis Pirk\u0117jui pristatoma PVM s\u0105skaita-fakt\u016bra, patvirtinanti preki\u0173 \u012fsigyjimo fakt\u0105.<br \/>\n5.7. Prista\u010dius ir perdavus prekes Pirk\u0117jo nurodytu adresu, laikoma, kad prek\u0117s Pirk\u0117jui yra perduotos, neatsi\u017evelgiant \u012f tai, ar prekes fakti\u0161kai priima Pirk\u0117jas, ar bet kuris kitas asmuo, pri\u0117m\u0119s prekes nurodytu adresu. Jei planuojam\u0105 preki\u0173 pristatymo dien\u0105 prek\u0117s nepristatomos, Pirk\u0117jas nedelsdamas, bet ne v\u0117liau kaip kit\u0105 dien\u0105 po planuotos preki\u0173 pristatymo dienos, apie tai informuoja Pardav\u0117j\u0105.<br \/>\n5.9. Jei prekes priims ne Pirk\u0117jas, Pirk\u0117jas privalo nurodyti prekes priimsian\u010dio asmens duomenis, pildydamas u\u017esakymo pristatymo informacij\u0105.<\/p>\n<p><strong>6. Atsakomyb\u0117<\/strong><\/p>\n<p>6.1. Pirk\u0117jas atsako u\u017e registracijos formoje pateikt\u0173 duomen\u0173 teisingum\u0105. Pirk\u0117jas prisiima atsakomyb\u0119 u\u017e padarinius, kilusius d\u0117l registracijos formoje pateikt\u0173 duomen\u0173 klaidingumo ar netikslumo.<br \/>\n6.2. U\u017e pirkimo-pardavimo sutarties, sudarytos naudojantis elektronine parduotuve, pa\u017eeidim\u0105 \u0161alys atsako Lietuvos Respublikos teis\u0117s akt\u0173 nustatyta tvarka.<br \/>\n6.3. Pardav\u0117jas neatsako u\u017e kit\u0173 \u012fmoni\u0173 tinklalapiuose pateikt\u0105 informacij\u0105, net jei Pirk\u0117jas patenka \u012f \u0161iuos tinklalapius per Pardav\u0117jo elektronin\u0117je parduotuv\u0117je esan\u010dias nuorodas.<br \/>\n6.4. Pardav\u0117jas neatsako u\u017e tai, kad elektronin\u0117je parduotuv\u0117je pateiktos prek\u0117s savo spalva, forma ar kitais parametrais neatitinka realaus preki\u0173 dyd\u017eio, form\u0173 ir spalvos d\u0117l Pirk\u0117jo naudojamo vaizduoklio ypatum\u0173.<\/p>\n<p><strong>7. Asmens duomen\u0173 tvarkymas<\/strong><\/p>\n<p>7.1. Paspausdamas mygtuk\u0105 \u201eU\u017esakyti\u201c, Pirk\u0117jas patvirtina, kad jis ir\/ar jo atstovai (Pirk\u0117jas turi savo atstov\u0173 sutikimus) sutinka pateikti Pardav\u0117jui \u0161iose Taisykl\u0117se ir registracijos formoje nurodytus savo asmens duomenis bei neprie\u0161tarauja, kad Pirk\u0117jo ir\/ar jo atstov\u0173 pateiktus asmens duomenis Pardav\u0117jas tvarkyt\u0173 internetin\u0117s prekybos tikslu.<br \/>\n7.2. Paspausdamas mygtuk\u0105 \u201eU\u017esakyti\u201c, Pirk\u0117jas patvirtina, kad jis ir jo atstovai (Pirk\u0117jas turi savo atstov\u0173 sutikimus) sutinka pateikti Pardav\u0117jui ir\/ar tre\u010diajam asmeniui, Pardav\u0117jo nurodymu prista\u010diusiam prekes, vien\u0105 i\u0161 asmen\u012f identifikuojan\u010di\u0173 dokument\u0173: pas\u0105, asmens tapatyb\u0117s kortel\u0119, naujo pavyzd\u017eio vairuotojo pa\u017eym\u0117jim\u0105, siekiant tinkamai identifikuoti Pirk\u0117j\u0105 ir\/ar jo atstovus internetin\u0117s prekybos tikslu. Pirk\u0117jas taip pat patvirtina, kad jis ir jo atstovai (Pirk\u0117jas turi savo atstov\u0173 sutikimus) sutinka, kad preki\u0173 atsi\u0117mimo metu preki\u0173 atsi\u0117mimo vietoje Pardav\u0117jas ir\/ar tre\u010diasis  asmuo, Pardav\u0117jo nurodymu pristat\u0119s prekes, nusira\u0161yt\u0173 Pirk\u0117jo ir\/ar jo atstovo pateikto asmen\u012f identifikuojan\u010dio dokumento duomenis ir \u0161iuos duomenis tvarkyt\u0173 (\u012fskaitant, bet neapsiribojant duomen\u0173 perdavim\u0105 Pardav\u0117jui) internetin\u0117s prekybos tikslu.<br \/>\n7.3. Pa\u017eym\u0117damas varnele punkt\u0105 \u201eNaujien\u0173 prenumerata\u201c, Pirk\u0117jas patvirtina, kad jis ir jo atstovai (Pirk\u0117jas turi savo atstov\u0173 sutikimus) sutinka, kad Pardav\u0117jui pateiktus Pirk\u0117jo ir\/ar jo atstov\u0173 asmens duomenis Pardav\u0117jas tvarkyt\u0173 tiesiogin\u0117s rinkodaros tikslu. Pardav\u0117jas nurodo, kad Pirk\u0117jo (jei \u0161is yra fizinis asmuo) ir jo atstov\u0173 asmens kod\u0173 tiesiogin\u0117s rinkodaros tikslu Pardav\u0117jas netvarkys.<br \/>\n7.4. Paspausdamas mygtuk\u0105 \u201eU\u017esakyti\u201c, Pirk\u0117jas patvirtina, kad jis (jei Pirk\u0117jas yra fizinis asmuo) ir jo atstovai yra informuoti apie savo teis\u0119 susipa\u017einti su Pardav\u0117jo tvarkomais savo asmens duomenimis ir kaip jie yra tvarkomi, gali reikalauti i\u0161taisyti, sunaikinti savo asmens duomenis arba sustabdyti savo asmens duomen\u0173 tvarkymo veiksmus, kai duomenys tvarkomi nesilaikant \u012fstatym\u0173 nuostat\u0173, nesutikti, kad b\u016bt\u0173 tvarkomi j\u0173 asmens duomenys bet kuriuo i\u0161 tiksl\u0173.<br \/>\n7.5. Paspausdamas mygtuk\u0105 \u201eU\u017esakyti\u201c, Pirk\u0117jas patvirtina, kad jis ir jo atstovai \u017eino turintys teis\u0119 atsisakyti pateikti savo asmens duomenis, ta\u010diau supranta, kad asmens duomenys yra reikalingi ir b\u016btini siekiant vienareik\u0161mi\u0161kai identifikuoti Pirk\u0117j\u0105 ir\/ar jo atstovus internetin\u0117s prekybos tikslais, ir nepateikus asmens duomen\u0173 bei\/ar nesutikus, kad jie b\u016bt\u0173 tvarkomi internetin\u0117s prekybos tikslu, negal\u0117s sudaryti ir\/ar vykdyti sutarties.<\/p>\n<p><strong>8. Informacijos siuntimas<\/strong><\/p>\n<p>8.1. Pardav\u0117jas visus prane\u0161imus siun\u010dia Pirk\u0117jo registracijos formoje pateiktu elektroninio pa\u0161to adresu.<br \/>\n8.2. Pirk\u0117jas visus prane\u0161imus ir klausimus siun\u010dia Pardav\u0117jo elektronin\u0117s parduotuv\u0117s skyriuje \u201eKontaktai\u201c nurodytu adresu.<\/p>\n<p><strong>9. Baigiamosios nuostatos<\/strong><\/p>\n<p>9.1. \u0160ios Taisykl\u0117s neriboja Pirk\u0117jo (vartotojo) teisi\u0173, nustatyt\u0173 Lietuvos Respublikos teis\u0117s aktuose, \u012fskaitant teisi\u0173 \u012fsigijus netinkamos kokyb\u0117s prek\u0119 ar paslaug\u0105.<br \/>\n9.2. Visi nesutarimai, kil\u0119 i\u0161 ar susij\u0119 su pirkimo ir pardavimo sutartimi tarp Pirk\u0117jo ir Pardav\u0117jo, yra sprend\u017eiami derybomis. Nepavykus susitarti, nesutarimai sprend\u017eiami Lietuvos Respublikos teis\u0117s akt\u0173 nustatyta tvarka.<\/p>\n\n\t\t<\/div>\n\t<\/div>\n<\/div><\/div><\/div><\/div>\n<\/div>","protected":false},"excerpt":{"rendered":"TERMS AND CONDITIONS &nbsp; 1. GENERAL PROVISIONS 1.1. These Terms and Conditions (hereinafter referred to as the Terms) establish the","protected":false},"author":1,"featured_media":0,"parent":0,"menu_order":0,"comment_status":"closed","ping_status":"closed","template":"","meta":{"footnotes":""},"class_list":["post-9625","page","type-page","status-publish","hentry"],"yoast_head":"<!-- This site is optimized with the Yoast SEO plugin v22.8 - https:\/\/yoast.com\/wordpress\/plugins\/seo\/ -->\n<title>3dera.lt<\/title>\n<meta name=\"robots\" content=\"index, follow, max-snippet:-1, max-image-preview:large, max-video-preview:-1\" \/>\n<link rel=\"canonical\" href=\"https:\/\/3dera.lt\/lt\/terms-and-conditions\/\" \/>\n<meta property=\"og:locale\" content=\"lt_LT\" \/>\n<meta property=\"og:type\" content=\"article\" \/>\n<meta property=\"og:title\" content=\"3dera.lt\" \/>\n<meta property=\"og:url\" content=\"https:\/\/3dera.lt\/lt\/terms-and-conditions\/\" \/>\n<meta property=\"og:site_name\" content=\"3dera.lt\" \/>\n<meta property=\"article:modified_time\" content=\"2023-12-04T17:04:43+00:00\" \/>\n<meta name=\"twitter:card\" content=\"summary_large_image\" \/>\n<meta name=\"twitter:label1\" content=\"Est. reading time\" \/>\n\t<meta name=\"twitter:data1\" content=\"10 minu\u010di\u0173\" \/>\n<script type=\"application\/ld+json\" class=\"yoast-schema-graph\">{\"@context\":\"https:\/\/schema.org\",\"@graph\":[{\"@type\":\"WebPage\",\"@id\":\"https:\/\/3dera.lt\/terms-and-conditions\/\",\"url\":\"https:\/\/3dera.lt\/terms-and-conditions\/\",\"name\":\"3dera.lt\",\"isPartOf\":{\"@id\":\"https:\/\/3dera.lt\/#website\"},\"datePublished\":\"2023-12-04T16:05:09+00:00\",\"dateModified\":\"2023-12-04T17:04:43+00:00\",\"breadcrumb\":{\"@id\":\"https:\/\/3dera.lt\/terms-and-conditions\/#breadcrumb\"},\"inLanguage\":\"lt-LT\",\"potentialAction\":[{\"@type\":\"ReadAction\",\"target\":[\"https:\/\/3dera.lt\/terms-and-conditions\/\"]}]},{\"@type\":\"BreadcrumbList\",\"@id\":\"https:\/\/3dera.lt\/terms-and-conditions\/#breadcrumb\",\"itemListElement\":[{\"@type\":\"ListItem\",\"position\":1,\"name\":\"Home\",\"item\":\"https:\/\/3dera.lt\/\"},{\"@type\":\"ListItem\",\"position\":2,\"name\":\"Terms And Conditions\"}]},{\"@type\":\"WebSite\",\"@id\":\"https:\/\/3dera.lt\/#website\",\"url\":\"https:\/\/3dera.lt\/\",\"name\":\"3D Era\",\"description\":\"3D Spausdintos dekoracijos bei 3D spausdinimo paslaugos\",\"publisher\":{\"@id\":\"https:\/\/3dera.lt\/#\/schema\/person\/711cfcf54c7b4e81a41d26303c862ae6\"},\"potentialAction\":[{\"@type\":\"SearchAction\",\"target\":{\"@type\":\"EntryPoint\",\"urlTemplate\":\"https:\/\/3dera.lt\/?s={search_term_string}\"},\"query-input\":\"required name=search_term_string\"}],\"inLanguage\":\"lt-LT\"},{\"@type\":[\"Person\",\"Organization\"],\"@id\":\"https:\/\/3dera.lt\/#\/schema\/person\/711cfcf54c7b4e81a41d26303c862ae6\",\"name\":\"3dera.lt\",\"image\":{\"@type\":\"ImageObject\",\"inLanguage\":\"lt-LT\",\"@id\":\"https:\/\/3dera.lt\/#\/schema\/person\/image\/\",\"url\":\"https:\/\/3dera.lt\/wp-content\/uploads\/2023\/11\/cropped-cropped-logo.png\",\"contentUrl\":\"https:\/\/3dera.lt\/wp-content\/uploads\/2023\/11\/cropped-cropped-logo.png\",\"width\":303,\"height\":308,\"caption\":\"3dera.lt\"},\"logo\":{\"@id\":\"https:\/\/3dera.lt\/#\/schema\/person\/image\/\"},\"sameAs\":[\"http:\/\/3dera.lt\"]}]}<\/script>\n<!-- \/ Yoast SEO plugin. -->","yoast_head_json":{"title":"3dera.lt","robots":{"index":"index","follow":"follow","max-snippet":"max-snippet:-1","max-image-preview":"max-image-preview:large","max-video-preview":"max-video-preview:-1"},"canonical":"https:\/\/3dera.lt\/lt\/terms-and-conditions\/","og_locale":"lt_LT","og_type":"article","og_title":"3dera.lt","og_url":"https:\/\/3dera.lt\/lt\/terms-and-conditions\/","og_site_name":"3dera.lt","article_modified_time":"2023-12-04T17:04:43+00:00","twitter_card":"summary_large_image","twitter_misc":{"Est. reading time":"10 minu\u010di\u0173"},"schema":{"@context":"https:\/\/schema.org","@graph":[{"@type":"WebPage","@id":"https:\/\/3dera.lt\/terms-and-conditions\/","url":"https:\/\/3dera.lt\/terms-and-conditions\/","name":"3dera.lt","isPartOf":{"@id":"https:\/\/3dera.lt\/#website"},"datePublished":"2023-12-04T16:05:09+00:00","dateModified":"2023-12-04T17:04:43+00:00","breadcrumb":{"@id":"https:\/\/3dera.lt\/terms-and-conditions\/#breadcrumb"},"inLanguage":"lt-LT","potentialAction":[{"@type":"ReadAction","target":["https:\/\/3dera.lt\/terms-and-conditions\/"]}]},{"@type":"BreadcrumbList","@id":"https:\/\/3dera.lt\/terms-and-conditions\/#breadcrumb","itemListElement":[{"@type":"ListItem","position":1,"name":"Home","item":"https:\/\/3dera.lt\/"},{"@type":"ListItem","position":2,"name":"Terms And Conditions"}]},{"@type":"WebSite","@id":"https:\/\/3dera.lt\/#website","url":"https:\/\/3dera.lt\/","name":"3D Era","description":"3D Spausdintos dekoracijos bei 3D spausdinimo paslaugos","publisher":{"@id":"https:\/\/3dera.lt\/#\/schema\/person\/711cfcf54c7b4e81a41d26303c862ae6"},"potentialAction":[{"@type":"SearchAction","target":{"@type":"EntryPoint","urlTemplate":"https:\/\/3dera.lt\/?s={search_term_string}"},"query-input":"required name=search_term_string"}],"inLanguage":"lt-LT"},{"@type":["Person","Organization"],"@id":"https:\/\/3dera.lt\/#\/schema\/person\/711cfcf54c7b4e81a41d26303c862ae6","name":"3dera.lt","image":{"@type":"ImageObject","inLanguage":"lt-LT","@id":"https:\/\/3dera.lt\/#\/schema\/person\/image\/","url":"https:\/\/3dera.lt\/wp-content\/uploads\/2023\/11\/cropped-cropped-logo.png","contentUrl":"https:\/\/3dera.lt\/wp-content\/uploads\/2023\/11\/cropped-cropped-logo.png","width":303,"height":308,"caption":"3dera.lt"},"logo":{"@id":"https:\/\/3dera.lt\/#\/schema\/person\/image\/"},"sameAs":["http:\/\/3dera.lt"]}]}},"jetpack_sharing_enabled":true,"_links":{"self":[{"href":"https:\/\/3dera.lt\/lt\/wp-json\/wp\/v2\/pages\/9625","targetHints":{"allow":["GET"]}}],"collection":[{"href":"https:\/\/3dera.lt\/lt\/wp-json\/wp\/v2\/pages"}],"about":[{"href":"https:\/\/3dera.lt\/lt\/wp-json\/wp\/v2\/types\/page"}],"author":[{"embeddable":true,"href":"https:\/\/3dera.lt\/lt\/wp-json\/wp\/v2\/users\/1"}],"replies":[{"embeddable":true,"href":"https:\/\/3dera.lt\/lt\/wp-json\/wp\/v2\/comments?post=9625"}],"version-history":[{"count":11,"href":"https:\/\/3dera.lt\/lt\/wp-json\/wp\/v2\/pages\/9625\/revisions"}],"predecessor-version":[{"id":9637,"href":"https:\/\/3dera.lt\/lt\/wp-json\/wp\/v2\/pages\/9625\/revisions\/9637"}],"wp:attachment":[{"href":"https:\/\/3dera.lt\/lt\/wp-json\/wp\/v2\/media?parent=9625"}],"curies":[{"name":"wp","href":"https:\/\/api.w.org\/{rel}","templated":true}]}}