{"id":9638,"date":"2023-12-04T17:17:42","date_gmt":"2023-12-04T17:17:42","guid":{"rendered":"https:\/\/3dera.lt\/?page_id=9638"},"modified":"2024-05-31T13:54:40","modified_gmt":"2024-05-31T13:54:40","slug":"about-us","status":"publish","type":"page","link":"https:\/\/3dera.lt\/lt\/about-us\/","title":{"rendered":"Apie Mus"},"content":{"rendered":"<div class=\"wpb-content-wrapper\"><div data-vc-full-width=\"true\" data-vc-full-width-temp=\"true\" data-vc-full-width-init=\"false\" data-vc-stretch-content=\"true\" class=\"vc_row wpb_row vc_row-fluid vc_custom_1701713080819 vc_row-has-fill vc_row-no-padding vc_row-o-equal-height vc_row-o-content-middle vc_row-flex wd-rs-656e14acd729a\"><div class=\"wpb_column vc_column_container vc_col-sm-12 vc_col-md-6 vc_col-xs-12 vc_col-has-fill\"><div class=\"vc_column-inner vc_custom_1496236506556\"><div class=\"wpb_wrapper\">\t\t<div id=\"gallery_805\" class=\"wd-images-gallery wd-wpb vc_custom_1627892874617 photoswipe-images\" style=\"--wd-justify-content:center;--wd-align-items:center;\">\n\t\t\t\n\t\t\t<div class=\"wd-grid-f-col wd-masonry\" style=\"--wd-col-lg:2;--wd-col-md:2;--wd-col-sm:1;--wd-gap-lg:0px;\">\n\t\t\t\t\n\t\t\t\t\t\t\t\t\t\t\t\t\t\t\t<div class=\"wd-gallery-item wd-col\">\n\t\t\t\t\t\t\t\t\t\t\t\t\t\t<a href=\"https:\/\/3dera.lt\/wp-content\/uploads\/2023\/12\/furniture-gallery-1.jpg\" data-elementor-open-lightbox=\"no\" data-index=\"1\" data-width=\"600\" data-height=\"1200\" \n\t\t\t\t\t\t\t\t\t\t\t\t >\n\t\t\t\t\t\t\t\t\n\t\t\t\t\t\t\t\t<img decoding=\"async\" width=\"600\" height=\"1200\" data-src=\"https:\/\/3dera.lt\/wp-content\/uploads\/2023\/12\/furniture-gallery-1.jpg\" class=\"wd-gallery-image image-1 lazyload\" alt=\"\" data-srcset=\"https:\/\/3dera.lt\/wp-content\/uploads\/2023\/12\/furniture-gallery-1.jpg 600w, https:\/\/3dera.lt\/wp-content\/uploads\/2023\/12\/furniture-gallery-1-150x300.jpg 150w, https:\/\/3dera.lt\/wp-content\/uploads\/2023\/12\/furniture-gallery-1-512x1024.jpg 512w, https:\/\/3dera.lt\/wp-content\/uploads\/2023\/12\/furniture-gallery-1-6x12.jpg 6w, https:\/\/3dera.lt\/wp-content\/uploads\/2023\/12\/furniture-gallery-1-128x256.jpg 128w\" data-sizes=\"(max-width: 600px) 100vw, 600px\" src=\"data:image\/svg+xml;base64,PHN2ZyB3aWR0aD0iMSIgaGVpZ2h0PSIxIiB4bWxucz0iaHR0cDovL3d3dy53My5vcmcvMjAwMC9zdmciPjwvc3ZnPg==\" style=\"--smush-placeholder-width: 600px; --smush-placeholder-aspect-ratio: 600\/1200;\" \/>\n\t\t\t\t\t\t\t\t\t\t\t\t\t\t\t<\/a>\n\t\t\t\t\t\t\t\t\t\t\t\t<\/div>\n\t\t\t\t\t\t\t\t\t\t\t<div class=\"wd-gallery-item wd-col\">\n\t\t\t\t\t\t\t\t\t\t\t\t\t\t<a href=\"https:\/\/3dera.lt\/wp-content\/uploads\/2023\/12\/furniture-gallery-2.jpg\" data-elementor-open-lightbox=\"no\" data-index=\"2\" data-width=\"600\" data-height=\"600\" \n\t\t\t\t\t\t\t\t\t\t\t\t >\n\t\t\t\t\t\t\t\t\n\t\t\t\t\t\t\t\t<img decoding=\"async\" width=\"600\" height=\"600\" data-src=\"https:\/\/3dera.lt\/wp-content\/uploads\/2023\/12\/furniture-gallery-2.jpg\" class=\"wd-gallery-image image-2 lazyload\" alt=\"\" data-srcset=\"https:\/\/3dera.lt\/wp-content\/uploads\/2023\/12\/furniture-gallery-2.jpg 600w, https:\/\/3dera.lt\/wp-content\/uploads\/2023\/12\/furniture-gallery-2-300x300.jpg 300w, https:\/\/3dera.lt\/wp-content\/uploads\/2023\/12\/furniture-gallery-2-150x150.jpg 150w, https:\/\/3dera.lt\/wp-content\/uploads\/2023\/12\/furniture-gallery-2-12x12.jpg 12w, https:\/\/3dera.lt\/wp-content\/uploads\/2023\/12\/furniture-gallery-2-128x128.jpg 128w\" data-sizes=\"(max-width: 600px) 100vw, 600px\" src=\"data:image\/svg+xml;base64,PHN2ZyB3aWR0aD0iMSIgaGVpZ2h0PSIxIiB4bWxucz0iaHR0cDovL3d3dy53My5vcmcvMjAwMC9zdmciPjwvc3ZnPg==\" style=\"--smush-placeholder-width: 600px; --smush-placeholder-aspect-ratio: 600\/600;\" \/>\n\t\t\t\t\t\t\t\t\t\t\t\t\t\t\t<\/a>\n\t\t\t\t\t\t\t\t\t\t\t\t<\/div>\n\t\t\t\t\t\t\t\t\t\t\t<div class=\"wd-gallery-item wd-col\">\n\t\t\t\t\t\t\t\t\t\t\t\t\t\t<a href=\"https:\/\/3dera.lt\/wp-content\/uploads\/2023\/12\/furniture-gallery-3.jpg\" data-elementor-open-lightbox=\"no\" data-index=\"3\" data-width=\"600\" data-height=\"600\" \n\t\t\t\t\t\t\t\t\t\t\t\t >\n\t\t\t\t\t\t\t\t\n\t\t\t\t\t\t\t\t<img decoding=\"async\" width=\"600\" height=\"600\" data-src=\"https:\/\/3dera.lt\/wp-content\/uploads\/2023\/12\/furniture-gallery-3.jpg\" class=\"wd-gallery-image image-3 lazyload\" alt=\"\" data-srcset=\"https:\/\/3dera.lt\/wp-content\/uploads\/2023\/12\/furniture-gallery-3.jpg 600w, https:\/\/3dera.lt\/wp-content\/uploads\/2023\/12\/furniture-gallery-3-300x300.jpg 300w, https:\/\/3dera.lt\/wp-content\/uploads\/2023\/12\/furniture-gallery-3-150x150.jpg 150w, https:\/\/3dera.lt\/wp-content\/uploads\/2023\/12\/furniture-gallery-3-12x12.jpg 12w, https:\/\/3dera.lt\/wp-content\/uploads\/2023\/12\/furniture-gallery-3-128x128.jpg 128w\" data-sizes=\"(max-width: 600px) 100vw, 600px\" src=\"data:image\/svg+xml;base64,PHN2ZyB3aWR0aD0iMSIgaGVpZ2h0PSIxIiB4bWxucz0iaHR0cDovL3d3dy53My5vcmcvMjAwMC9zdmciPjwvc3ZnPg==\" style=\"--smush-placeholder-width: 600px; --smush-placeholder-aspect-ratio: 600\/600;\" \/>\n\t\t\t\t\t\t\t\t\t\t\t\t\t\t\t<\/a>\n\t\t\t\t\t\t\t\t\t\t\t\t<\/div>\n\t\t\t\t\t\t\t\t\t\n\t\t\t\t\t\t\t<\/div>\n\n\t\t\t\t\t<\/div>\n\t\t<\/div><\/div><\/div><div class=\"wpb_column vc_column_container vc_col-sm-12 vc_col-md-6 vc_col-xs-12 vc_col-has-fill reset-margin-tablet wd-rs-656f1660ba89a\"><div class=\"vc_column-inner vc_custom_1701779082479\"><div class=\"wpb_wrapper\">\n\t\t<div id=\"wd-656e0ac414f0e\" class=\"title-wrapper wd-wpb set-mb-s reset-last-child  wd-rs-656e0ac414f0e wd-title-color-default wd-title-style-default text-left vc_custom_1701710550333 wd-underline-colored\">\n\t\t\t\n\t\t\t<div class=\"liner-continer\">\n\t\t\t\t<h4 class=\"woodmart-title-container title  wd-font-weight- wd-fontsize-xxxl\" >APIE M\u016aS\u0172 MA\u017d\u0104 FABRIK\u0116L\u012e<\/h4>\n\t\t\t\t\t\t\t<\/div>\n\t\t\t\n\t\t\t\n\t\t\t\n\t\t<\/div>\n\t\t\n\t\t\t\t<div id=\"wd-6107b0a967d49\" class=\"wd-text-block wd-wpb reset-last-child wd-rs-6107b0a967d49 hidden-md hidden-sm hidden-xs text-left wd-font-weight-300 wd-fontsize-custom vc_custom_1627893933576\">\n\t\t\t<p>COMPANY HISTORY &amp; FACTS<\/p>\n\t\t<\/div>\n\t\t<div class=\"vc_separator wpb_content_element vc_separator_align_center vc_sep_width_10 vc_sep_border_width_2 vc_sep_pos_align_left vc_separator_no_text vc_custom_1627894055569\" ><span class=\"vc_sep_holder vc_sep_holder_l\"><span style=\"border-color:#339059;\" class=\"vc_sep_line\"><\/span><\/span><span class=\"vc_sep_holder vc_sep_holder_r\"><span style=\"border-color:#339059;\" class=\"vc_sep_line\"><\/span><\/span>\n<\/div><div class=\"vc_row wpb_row vc_inner vc_row-fluid vc_custom_1627894175507 wd-rs-6107b19d9863a\"><div class=\"wpb_column vc_column_container vc_col-sm-12 vc_col-lg-6 vc_col-xs-12 wd-rs-61979d13d6e83\"><div class=\"vc_column-inner vc_custom_1637326118163\"><div class=\"wpb_wrapper\">\t\t<div id=\"wd-656e0add3874e\" class=\"wd-text-block wd-wpb reset-last-child wd-rs-656e0add3874e text-left color-scheme-light wd-font-weight-500 color-title wd-fontsize-s font-primary vc_custom_1701710565422\">\n\t\t\t<p>PRASID\u0116JO NUO HOBIO<\/p>\n\t\t<\/div>\n\t\t\t\t<div id=\"wd-656f06c52d91a\" class=\"wd-text-block wd-wpb reset-last-child wd-rs-656f06c52d91a text-left color-scheme-light vc_custom_1701775061009\">\n\t\t\t<p>Kaip dauguma ma\u017e\u0173 randarbi\u0173 \u012fmoni\u0173 ar individuali\u0173 asmen\u0173, m\u016bs\u0173 kelion\u0117 prasid\u0117jo nuo hobio. Ma\u017eas ir l\u0117tai veikiantis 3D spausdintuvas, kuriam reik\u0117jo daug prie\u017ei\u016bros bei kalibracijos, neatbaid\u0117 nuo jausmo, kuris u\u017epl\u016bsta \u012f rankas pa\u0117mus u\u017ebaigt\u0105 ir gra\u017eiai atrodant\u012f produkt\u0105.<\/p>\n\t\t<\/div>\n\t\t\t\t<div id=\"wd-656f0691b223b\" class=\"wd-text-block wd-wpb reset-last-child wd-rs-656f0691b223b text-left color-scheme-light wd-font-weight-500 color-title wd-fontsize-s font-primary vc_custom_1701774997490\">\n\t\t\t<p>SPAUSDINIAI DRAUGAMS BEI \u0160EIMOS NARIAMS<\/p>\n\t\t<\/div>\n\t\t\t\t<div id=\"wd-656f0670c9726\" class=\"wd-text-block wd-wpb reset-last-child wd-rs-656f0670c9726 text-left color-scheme-light vc_custom_1701774968472\">\n\t\t\t<p>Kai mus supantys \u017emon\u0117s pamat\u0117, k\u0105 sugeba 3D spausdintuvas, sulauk\u0117me keli\u0173 u\u017esakym\u0173. Atspausdinus kelet\u0105 gamini\u0173 draugams bei \u0161eimos nariams, gim\u0117 id\u0117ja pl\u0117stis ir sukurti ma\u017e\u0105 fabrik\u0117l\u012f.<\/p>\n\t\t<\/div>\n\t\t<\/div><\/div><\/div><div class=\"wpb_column vc_column_container vc_col-sm-6 wd-rs-656f0652e8937\"><div class=\"vc_column-inner vc_custom_1701774936708\"><div class=\"wpb_wrapper\">\t\t<div id=\"wd-656f068711cc1\" class=\"wd-text-block wd-wpb reset-last-child wd-rs-656f068711cc1 text-left color-scheme-light wd-font-weight-500 color-title wd-fontsize-s font-primary vc_custom_1701774990966\">\n\t\t\t<p>ATNAUJINIMAI<\/p>\n\t\t<\/div>\n\t\t\t\t<div id=\"wd-656f06bab4736\" class=\"wd-text-block wd-wpb reset-last-child wd-rs-656f06bab4736 text-left color-scheme-light\">\n\t\t\t<p>Po to, kai namai prisipild\u0117 3D spausdintuvu pagamintomis dekoracijomis bei \u012fvairiais \u012frankiais, at\u0117jo laikas atnaujinti turim\u0105 \u012frang\u0105, kad viskas vykt\u0173 spar\u010diau i\u0161laikant auk\u0161t\u0105 kokyb\u0119. Laimei, 3D spausdinimo \u012franga spar\u010diai tobul\u0117ja, 4 kartos spausdintuvai jau vyrauja rinkoje. Investicija \u012f hob\u012f i\u0161vyst\u0117 id\u0117j\u0105 sukurti \"3D Er\u0105\".<\/p>\n\t\t<\/div>\n\t\t\t\t<div id=\"wd-656f06a81d5ba\" class=\"wd-text-block wd-wpb reset-last-child wd-rs-656f06a81d5ba text-left color-scheme-light wd-font-weight-500 color-title wd-fontsize-s font-primary vc_custom_1701775031091\">\n\t\t\t<p>VEIKLA<\/p>\n\t\t<\/div>\n\t\t\t\t<div id=\"wd-656e0d69f3167\" class=\"wd-text-block wd-wpb reset-last-child wd-rs-656e0d69f3167 text-left color-scheme-light vc_custom_1701711318888\">\n\t\t\t<p>M\u016bs\u0173 parduotuv\u0117je galite \u012fsigyti laiko patikrintus, gerai atrodan\u010dius bei auk\u0161tos kokyb\u0117s spausdinius, kuriuos mus supantys \u017emon\u0117s m\u0117gsta labiausiai. Asortiment\u0105 pildome kiekvien\u0105 savait\u0119. Taip pat greitu metu savo puslapyje paleisime Spausdinimo Paslaug\u0173 skilt\u012f.<\/p>\n<p>Sveiki atvyk\u0119 \u012f 3D Er\u0105! D\u0117kojame, kad domit\u0117s m\u016bs\u0173 parduotuve.<\/p>\n\t\t<\/div>\n\t\t<\/div><\/div><\/div><\/div><div id=\"wd-656e0e61a7cd1\" class=\"wd-rs-656e0e61a7cd1  wd-button-wrapper text-center inline-element\"><a href=\"#\" title=\"\" class=\"btn btn-color-primary btn-style-default btn-style-round btn-size-default\">SUSISIEKITE<\/a><\/div><div id=\"wd-656e0e3ab5b8c\" class=\"wd-rs-656e0e3ab5b8c  wd-button-wrapper text-center inline-element\"><a href=\"https:\/\/3dera.lt\/lt\/shop\/\" title=\"Parduotuv\u0117\" class=\"btn btn-color-white btn-style-bordered btn-style-round btn-size-default\">PARDUOTUV\u0116<\/a><\/div><\/div><\/div><\/div><\/div><div class=\"vc_row-full-width vc_clearfix\"><\/div>\n<\/div>","protected":false},"excerpt":{"rendered":"ABOUT OUR TINY FACTORY COMPANY HISTORY &amp; FACTS STARTED AS A HOBBY Like most handmade crafts companies or individuals, our","protected":false},"author":1,"featured_media":0,"parent":0,"menu_order":0,"comment_status":"closed","ping_status":"closed","template":"","meta":{"footnotes":""},"class_list":["post-9638","page","type-page","status-publish","hentry"],"yoast_head":"<!-- This site is optimized with the Yoast SEO plugin v22.8 - https:\/\/yoast.com\/wordpress\/plugins\/seo\/ -->\n<title>3dera.lt<\/title>\n<meta name=\"robots\" content=\"index, follow, max-snippet:-1, max-image-preview:large, max-video-preview:-1\" \/>\n<link rel=\"canonical\" href=\"https:\/\/3dera.lt\/lt\/about-us\/\" \/>\n<meta property=\"og:locale\" content=\"lt_LT\" \/>\n<meta property=\"og:type\" content=\"article\" \/>\n<meta property=\"og:title\" content=\"3dera.lt\" \/>\n<meta property=\"og:url\" content=\"https:\/\/3dera.lt\/lt\/about-us\/\" \/>\n<meta property=\"og:site_name\" content=\"3dera.lt\" \/>\n<meta property=\"article:modified_time\" content=\"2024-05-31T13:54:40+00:00\" \/>\n<meta name=\"twitter:card\" content=\"summary_large_image\" \/>\n<meta name=\"twitter:label1\" content=\"Est. reading time\" \/>\n\t<meta name=\"twitter:data1\" content=\"9 minut\u0117s\" \/>\n<script type=\"application\/ld+json\" class=\"yoast-schema-graph\">{\"@context\":\"https:\/\/schema.org\",\"@graph\":[{\"@type\":\"WebPage\",\"@id\":\"https:\/\/3dera.lt\/about-us\/\",\"url\":\"https:\/\/3dera.lt\/about-us\/\",\"name\":\"3dera.lt\",\"isPartOf\":{\"@id\":\"https:\/\/3dera.lt\/#website\"},\"datePublished\":\"2023-12-04T17:17:42+00:00\",\"dateModified\":\"2024-05-31T13:54:40+00:00\",\"breadcrumb\":{\"@id\":\"https:\/\/3dera.lt\/about-us\/#breadcrumb\"},\"inLanguage\":\"lt-LT\",\"potentialAction\":[{\"@type\":\"ReadAction\",\"target\":[\"https:\/\/3dera.lt\/about-us\/\"]}]},{\"@type\":\"BreadcrumbList\",\"@id\":\"https:\/\/3dera.lt\/about-us\/#breadcrumb\",\"itemListElement\":[{\"@type\":\"ListItem\",\"position\":1,\"name\":\"Home\",\"item\":\"https:\/\/3dera.lt\/\"},{\"@type\":\"ListItem\",\"position\":2,\"name\":\"About Us\"}]},{\"@type\":\"WebSite\",\"@id\":\"https:\/\/3dera.lt\/#website\",\"url\":\"https:\/\/3dera.lt\/\",\"name\":\"3D Era\",\"description\":\"3D Spausdintos dekoracijos bei 3D spausdinimo paslaugos\",\"publisher\":{\"@id\":\"https:\/\/3dera.lt\/#\/schema\/person\/711cfcf54c7b4e81a41d26303c862ae6\"},\"potentialAction\":[{\"@type\":\"SearchAction\",\"target\":{\"@type\":\"EntryPoint\",\"urlTemplate\":\"https:\/\/3dera.lt\/?s={search_term_string}\"},\"query-input\":\"required name=search_term_string\"}],\"inLanguage\":\"lt-LT\"},{\"@type\":[\"Person\",\"Organization\"],\"@id\":\"https:\/\/3dera.lt\/#\/schema\/person\/711cfcf54c7b4e81a41d26303c862ae6\",\"name\":\"3dera.lt\",\"image\":{\"@type\":\"ImageObject\",\"inLanguage\":\"lt-LT\",\"@id\":\"https:\/\/3dera.lt\/#\/schema\/person\/image\/\",\"url\":\"https:\/\/3dera.lt\/wp-content\/uploads\/2023\/11\/cropped-cropped-logo.png\",\"contentUrl\":\"https:\/\/3dera.lt\/wp-content\/uploads\/2023\/11\/cropped-cropped-logo.png\",\"width\":303,\"height\":308,\"caption\":\"3dera.lt\"},\"logo\":{\"@id\":\"https:\/\/3dera.lt\/#\/schema\/person\/image\/\"},\"sameAs\":[\"http:\/\/3dera.lt\"]}]}<\/script>\n<!-- \/ Yoast SEO plugin. -->","yoast_head_json":{"title":"3dera.lt","robots":{"index":"index","follow":"follow","max-snippet":"max-snippet:-1","max-image-preview":"max-image-preview:large","max-video-preview":"max-video-preview:-1"},"canonical":"https:\/\/3dera.lt\/lt\/about-us\/","og_locale":"lt_LT","og_type":"article","og_title":"3dera.lt","og_url":"https:\/\/3dera.lt\/lt\/about-us\/","og_site_name":"3dera.lt","article_modified_time":"2024-05-31T13:54:40+00:00","twitter_card":"summary_large_image","twitter_misc":{"Est. reading time":"9 minut\u0117s"},"schema":{"@context":"https:\/\/schema.org","@graph":[{"@type":"WebPage","@id":"https:\/\/3dera.lt\/about-us\/","url":"https:\/\/3dera.lt\/about-us\/","name":"3dera.lt","isPartOf":{"@id":"https:\/\/3dera.lt\/#website"},"datePublished":"2023-12-04T17:17:42+00:00","dateModified":"2024-05-31T13:54:40+00:00","breadcrumb":{"@id":"https:\/\/3dera.lt\/about-us\/#breadcrumb"},"inLanguage":"lt-LT","potentialAction":[{"@type":"ReadAction","target":["https:\/\/3dera.lt\/about-us\/"]}]},{"@type":"BreadcrumbList","@id":"https:\/\/3dera.lt\/about-us\/#breadcrumb","itemListElement":[{"@type":"ListItem","position":1,"name":"Home","item":"https:\/\/3dera.lt\/"},{"@type":"ListItem","position":2,"name":"About Us"}]},{"@type":"WebSite","@id":"https:\/\/3dera.lt\/#website","url":"https:\/\/3dera.lt\/","name":"3D Era","description":"3D Spausdintos dekoracijos bei 3D spausdinimo paslaugos","publisher":{"@id":"https:\/\/3dera.lt\/#\/schema\/person\/711cfcf54c7b4e81a41d26303c862ae6"},"potentialAction":[{"@type":"SearchAction","target":{"@type":"EntryPoint","urlTemplate":"https:\/\/3dera.lt\/?s={search_term_string}"},"query-input":"required name=search_term_string"}],"inLanguage":"lt-LT"},{"@type":["Person","Organization"],"@id":"https:\/\/3dera.lt\/#\/schema\/person\/711cfcf54c7b4e81a41d26303c862ae6","name":"3dera.lt","image":{"@type":"ImageObject","inLanguage":"lt-LT","@id":"https:\/\/3dera.lt\/#\/schema\/person\/image\/","url":"https:\/\/3dera.lt\/wp-content\/uploads\/2023\/11\/cropped-cropped-logo.png","contentUrl":"https:\/\/3dera.lt\/wp-content\/uploads\/2023\/11\/cropped-cropped-logo.png","width":303,"height":308,"caption":"3dera.lt"},"logo":{"@id":"https:\/\/3dera.lt\/#\/schema\/person\/image\/"},"sameAs":["http:\/\/3dera.lt"]}]}},"jetpack_sharing_enabled":true,"_links":{"self":[{"href":"https:\/\/3dera.lt\/lt\/wp-json\/wp\/v2\/pages\/9638","targetHints":{"allow":["GET"]}}],"collection":[{"href":"https:\/\/3dera.lt\/lt\/wp-json\/wp\/v2\/pages"}],"about":[{"href":"https:\/\/3dera.lt\/lt\/wp-json\/wp\/v2\/types\/page"}],"author":[{"embeddable":true,"href":"https:\/\/3dera.lt\/lt\/wp-json\/wp\/v2\/users\/1"}],"replies":[{"embeddable":true,"href":"https:\/\/3dera.lt\/lt\/wp-json\/wp\/v2\/comments?post=9638"}],"version-history":[{"count":19,"href":"https:\/\/3dera.lt\/lt\/wp-json\/wp\/v2\/pages\/9638\/revisions"}],"predecessor-version":[{"id":13811,"href":"https:\/\/3dera.lt\/lt\/wp-json\/wp\/v2\/pages\/9638\/revisions\/13811"}],"wp:attachment":[{"href":"https:\/\/3dera.lt\/lt\/wp-json\/wp\/v2\/media?parent=9638"}],"curies":[{"name":"wp","href":"https:\/\/api.w.org\/{rel}","templated":true}]}}