{"id":12011,"date":"2024-05-18T13:43:08","date_gmt":"2024-05-18T13:43:08","guid":{"rendered":"https:\/\/3dera.lt\/produktas\/bunny-ear-up\/"},"modified":"2024-05-18T14:10:59","modified_gmt":"2024-05-18T14:10:59","slug":"bunny-ear-up","status":"publish","type":"product","link":"https:\/\/3dera.lt\/lt\/produktas\/bunny-ear-up\/","title":{"rendered":"Bunny Ear up"},"content":{"rendered":"<p>Patobulinkite savo k\u016brybines bei kepimo patirtis su m\u016bs\u0173 universalia sausaini\u0173 ir molio formeli\u0173 kolekcija! Puikiai suteikia k\u016brybi\u0161kumo j\u016bs\u0173 kepiniams ar sud\u0117tingiems molio fig\u016br\u0173 dizainams. M\u016bs\u0173 formel\u0117s yra \u012fvairi\u0173 form\u0173 ir dyd\u017ei\u0173, tod\u0117l jos idealiai tinkamos visiems j\u016bs\u0173 meniniams projektams. I\u0161laisvinkite savo vaizduot\u0119 ir atgaivinkite savo k\u016brinius su precizika ir stiliumi. Atraskite d\u017eiaugsm\u0105 kurti su m\u016bs\u0173 auk\u0161tos kokyb\u0117s sausaini\u0173\/molio formel\u0117mis jau \u0161iandien!<\/p>","protected":false},"excerpt":{"rendered":"<p>Patobulinkite savo k\u016brybines bei kepimo patirtis su m\u016bs\u0173 universalia sausaini\u0173 ir molio formeli\u0173 kolekcija! Puikiai suteikia k\u016brybi\u0161kumo j\u016bs\u0173 kepiniams ar<\/p>","protected":false},"featured_media":11926,"comment_status":"open","ping_status":"closed","template":"","meta":[],"product_brand":[],"product_cat":[155],"product_tag":[],"class_list":{"0":"post-12011","1":"product","2":"type-product","3":"status-publish","4":"has-post-thumbnail","6":"product_cat-animals","8":"first","9":"instock","10":"shipping-taxable","11":"purchasable","12":"product-type-variable"},"yoast_head":"<!-- This site is optimized with the Yoast SEO plugin v22.8 - https:\/\/yoast.com\/wordpress\/plugins\/seo\/ -->\n<title>Bunny Ear up - 3dera.lt<\/title>\n<meta name=\"robots\" content=\"index, follow, max-snippet:-1, max-image-preview:large, max-video-preview:-1\" \/>\n<link rel=\"canonical\" href=\"https:\/\/3dera.lt\/lt\/produktas\/bunny-ear-up\/\" \/>\n<meta property=\"og:locale\" content=\"lt_LT\" \/>\n<meta property=\"og:type\" content=\"article\" \/>\n<meta property=\"og:title\" content=\"Bunny Ear up - 3dera.lt\" \/>\n<meta property=\"og:description\" content=\"Patobulinkite savo k\u016brybines bei kepimo patirtis su m\u016bs\u0173 universalia sausaini\u0173 ir molio formeli\u0173 kolekcija! Puikiai suteikia k\u016brybi\u0161kumo j\u016bs\u0173 kepiniams ar\" \/>\n<meta property=\"og:url\" content=\"https:\/\/3dera.lt\/lt\/produktas\/bunny-ear-up\/\" \/>\n<meta property=\"og:site_name\" content=\"3dera.lt\" \/>\n<meta property=\"article:modified_time\" content=\"2024-05-18T14:10:59+00:00\" \/>\n<meta property=\"og:image\" content=\"https:\/\/3dera.lt\/wp-content\/uploads\/2024\/05\/3-16-1024x1024.png\" \/>\n\t<meta property=\"og:image:width\" content=\"1024\" \/>\n\t<meta property=\"og:image:height\" content=\"1024\" \/>\n\t<meta property=\"og:image:type\" content=\"image\/png\" \/>\n<meta name=\"twitter:card\" content=\"summary_large_image\" \/>\n<meta name=\"twitter:label1\" content=\"Est. reading time\" \/>\n\t<meta name=\"twitter:data1\" content=\"1 minut\u0117\" \/>\n<script type=\"application\/ld+json\" class=\"yoast-schema-graph\">{\"@context\":\"https:\/\/schema.org\",\"@graph\":[{\"@type\":\"WebPage\",\"@id\":\"https:\/\/3dera.lt\/produktas\/bunny-ear-up\/\",\"url\":\"https:\/\/3dera.lt\/produktas\/bunny-ear-up\/\",\"name\":\"Bunny Ear up - 3dera.lt\",\"isPartOf\":{\"@id\":\"https:\/\/3dera.lt\/#website\"},\"primaryImageOfPage\":{\"@id\":\"https:\/\/3dera.lt\/produktas\/bunny-ear-up\/#primaryimage\"},\"image\":{\"@id\":\"https:\/\/3dera.lt\/produktas\/bunny-ear-up\/#primaryimage\"},\"thumbnailUrl\":\"https:\/\/3dera.lt\/wp-content\/uploads\/2024\/05\/3-16.png\",\"datePublished\":\"2024-05-18T13:43:08+00:00\",\"dateModified\":\"2024-05-18T14:10:59+00:00\",\"breadcrumb\":{\"@id\":\"https:\/\/3dera.lt\/produktas\/bunny-ear-up\/#breadcrumb\"},\"inLanguage\":\"lt-LT\",\"potentialAction\":[{\"@type\":\"ReadAction\",\"target\":[\"https:\/\/3dera.lt\/produktas\/bunny-ear-up\/\"]}]},{\"@type\":\"ImageObject\",\"inLanguage\":\"lt-LT\",\"@id\":\"https:\/\/3dera.lt\/produktas\/bunny-ear-up\/#primaryimage\",\"url\":\"https:\/\/3dera.lt\/wp-content\/uploads\/2024\/05\/3-16.png\",\"contentUrl\":\"https:\/\/3dera.lt\/wp-content\/uploads\/2024\/05\/3-16.png\",\"width\":1920,\"height\":1920},{\"@type\":\"BreadcrumbList\",\"@id\":\"https:\/\/3dera.lt\/produktas\/bunny-ear-up\/#breadcrumb\",\"itemListElement\":[{\"@type\":\"ListItem\",\"position\":1,\"name\":\"Home\",\"item\":\"https:\/\/3dera.lt\/\"},{\"@type\":\"ListItem\",\"position\":2,\"name\":\"Shop\",\"item\":\"https:\/\/3dera.lt\/shop\/\"},{\"@type\":\"ListItem\",\"position\":3,\"name\":\"Bunny Ear up\"}]},{\"@type\":\"WebSite\",\"@id\":\"https:\/\/3dera.lt\/#website\",\"url\":\"https:\/\/3dera.lt\/\",\"name\":\"3D Era\",\"description\":\"3D Spausdintos dekoracijos bei 3D spausdinimo paslaugos\",\"publisher\":{\"@id\":\"https:\/\/3dera.lt\/#\/schema\/person\/711cfcf54c7b4e81a41d26303c862ae6\"},\"potentialAction\":[{\"@type\":\"SearchAction\",\"target\":{\"@type\":\"EntryPoint\",\"urlTemplate\":\"https:\/\/3dera.lt\/?s={search_term_string}\"},\"query-input\":\"required name=search_term_string\"}],\"inLanguage\":\"lt-LT\"},{\"@type\":[\"Person\",\"Organization\"],\"@id\":\"https:\/\/3dera.lt\/#\/schema\/person\/711cfcf54c7b4e81a41d26303c862ae6\",\"name\":\"3dera.lt\",\"image\":{\"@type\":\"ImageObject\",\"inLanguage\":\"lt-LT\",\"@id\":\"https:\/\/3dera.lt\/#\/schema\/person\/image\/\",\"url\":\"https:\/\/3dera.lt\/wp-content\/uploads\/2023\/11\/cropped-cropped-logo.png\",\"contentUrl\":\"https:\/\/3dera.lt\/wp-content\/uploads\/2023\/11\/cropped-cropped-logo.png\",\"width\":303,\"height\":308,\"caption\":\"3dera.lt\"},\"logo\":{\"@id\":\"https:\/\/3dera.lt\/#\/schema\/person\/image\/\"},\"sameAs\":[\"http:\/\/3dera.lt\"]}]}<\/script>\n<!-- \/ Yoast SEO plugin. -->","yoast_head_json":{"title":"Bunny Ear up - 3dera.lt","robots":{"index":"index","follow":"follow","max-snippet":"max-snippet:-1","max-image-preview":"max-image-preview:large","max-video-preview":"max-video-preview:-1"},"canonical":"https:\/\/3dera.lt\/lt\/produktas\/bunny-ear-up\/","og_locale":"lt_LT","og_type":"article","og_title":"Bunny Ear up - 3dera.lt","og_description":"Patobulinkite savo k\u016brybines bei kepimo patirtis su m\u016bs\u0173 universalia sausaini\u0173 ir molio formeli\u0173 kolekcija! Puikiai suteikia k\u016brybi\u0161kumo j\u016bs\u0173 kepiniams ar","og_url":"https:\/\/3dera.lt\/lt\/produktas\/bunny-ear-up\/","og_site_name":"3dera.lt","article_modified_time":"2024-05-18T14:10:59+00:00","og_image":[{"width":1024,"height":1024,"url":"https:\/\/3dera.lt\/wp-content\/uploads\/2024\/05\/3-16-1024x1024.png","type":"image\/png"}],"twitter_card":"summary_large_image","twitter_misc":{"Est. reading time":"1 minut\u0117"},"schema":{"@context":"https:\/\/schema.org","@graph":[{"@type":"WebPage","@id":"https:\/\/3dera.lt\/produktas\/bunny-ear-up\/","url":"https:\/\/3dera.lt\/produktas\/bunny-ear-up\/","name":"Bunny Ear up - 3dera.lt","isPartOf":{"@id":"https:\/\/3dera.lt\/#website"},"primaryImageOfPage":{"@id":"https:\/\/3dera.lt\/produktas\/bunny-ear-up\/#primaryimage"},"image":{"@id":"https:\/\/3dera.lt\/produktas\/bunny-ear-up\/#primaryimage"},"thumbnailUrl":"https:\/\/3dera.lt\/wp-content\/uploads\/2024\/05\/3-16.png","datePublished":"2024-05-18T13:43:08+00:00","dateModified":"2024-05-18T14:10:59+00:00","breadcrumb":{"@id":"https:\/\/3dera.lt\/produktas\/bunny-ear-up\/#breadcrumb"},"inLanguage":"lt-LT","potentialAction":[{"@type":"ReadAction","target":["https:\/\/3dera.lt\/produktas\/bunny-ear-up\/"]}]},{"@type":"ImageObject","inLanguage":"lt-LT","@id":"https:\/\/3dera.lt\/produktas\/bunny-ear-up\/#primaryimage","url":"https:\/\/3dera.lt\/wp-content\/uploads\/2024\/05\/3-16.png","contentUrl":"https:\/\/3dera.lt\/wp-content\/uploads\/2024\/05\/3-16.png","width":1920,"height":1920},{"@type":"BreadcrumbList","@id":"https:\/\/3dera.lt\/produktas\/bunny-ear-up\/#breadcrumb","itemListElement":[{"@type":"ListItem","position":1,"name":"Home","item":"https:\/\/3dera.lt\/"},{"@type":"ListItem","position":2,"name":"Shop","item":"https:\/\/3dera.lt\/shop\/"},{"@type":"ListItem","position":3,"name":"Bunny Ear up"}]},{"@type":"WebSite","@id":"https:\/\/3dera.lt\/#website","url":"https:\/\/3dera.lt\/","name":"3D Era","description":"3D Spausdintos dekoracijos bei 3D spausdinimo paslaugos","publisher":{"@id":"https:\/\/3dera.lt\/#\/schema\/person\/711cfcf54c7b4e81a41d26303c862ae6"},"potentialAction":[{"@type":"SearchAction","target":{"@type":"EntryPoint","urlTemplate":"https:\/\/3dera.lt\/?s={search_term_string}"},"query-input":"required name=search_term_string"}],"inLanguage":"lt-LT"},{"@type":["Person","Organization"],"@id":"https:\/\/3dera.lt\/#\/schema\/person\/711cfcf54c7b4e81a41d26303c862ae6","name":"3dera.lt","image":{"@type":"ImageObject","inLanguage":"lt-LT","@id":"https:\/\/3dera.lt\/#\/schema\/person\/image\/","url":"https:\/\/3dera.lt\/wp-content\/uploads\/2023\/11\/cropped-cropped-logo.png","contentUrl":"https:\/\/3dera.lt\/wp-content\/uploads\/2023\/11\/cropped-cropped-logo.png","width":303,"height":308,"caption":"3dera.lt"},"logo":{"@id":"https:\/\/3dera.lt\/#\/schema\/person\/image\/"},"sameAs":["http:\/\/3dera.lt"]}]}},"jetpack_sharing_enabled":true,"_links":{"self":[{"href":"https:\/\/3dera.lt\/lt\/wp-json\/wp\/v2\/product\/12011","targetHints":{"allow":["GET"]}}],"collection":[{"href":"https:\/\/3dera.lt\/lt\/wp-json\/wp\/v2\/product"}],"about":[{"href":"https:\/\/3dera.lt\/lt\/wp-json\/wp\/v2\/types\/product"}],"replies":[{"embeddable":true,"href":"https:\/\/3dera.lt\/lt\/wp-json\/wp\/v2\/comments?post=12011"}],"wp:featuredmedia":[{"embeddable":true,"href":"https:\/\/3dera.lt\/lt\/wp-json\/wp\/v2\/media\/11926"}],"wp:attachment":[{"href":"https:\/\/3dera.lt\/lt\/wp-json\/wp\/v2\/media?parent=12011"}],"wp:term":[{"taxonomy":"product_brand","embeddable":true,"href":"https:\/\/3dera.lt\/lt\/wp-json\/wp\/v2\/product_brand?post=12011"},{"taxonomy":"product_cat","embeddable":true,"href":"https:\/\/3dera.lt\/lt\/wp-json\/wp\/v2\/product_cat?post=12011"},{"taxonomy":"product_tag","embeddable":true,"href":"https:\/\/3dera.lt\/lt\/wp-json\/wp\/v2\/product_tag?post=12011"}],"curies":[{"name":"wp","href":"https:\/\/api.w.org\/{rel}","templated":true}]}}