{"id":9560,"date":"2023-11-28T22:57:30","date_gmt":"2023-11-28T22:57:30","guid":{"rendered":"https:\/\/3dera.lt\/?post_type=product&#038;p=9560"},"modified":"2023-12-12T17:28:33","modified_gmt":"2023-12-12T17:28:33","slug":"itachi-uchiha-lightbox","status":"publish","type":"product","link":"https:\/\/3dera.lt\/lt\/produktas\/itachi-uchiha-lightbox\/","title":{"rendered":"\u0160viesd\u0117\u017e\u0117 Itachi Uchiha"},"content":{"rendered":"<p>\u0160is eleganti\u0161kas ir universalus ap\u0161vietimo sprendimas suteikia bet kuriam kambaryje modernios \u0161viesos akcent\u0105. Sustiprinkite savo interjer\u0105 ir lengvai sukurkite asmenin\u0119 aplink\u0105. Dekoruokite savo erdv\u0119 m\u016bs\u0173 LED \u0161viesd\u0117\u017e\u0117s pagalba!<\/p>\n<p>&nbsp;<\/p>\n<p>LED decoration\/lightbox<\/p>\n<p>Maitinimas: USB<\/p>\n<p>Laido ilgis: 23cm<\/p>","protected":false},"excerpt":{"rendered":"<p>\u0160is eleganti\u0161kas ir universalus ap\u0161vietimo sprendimas suteikia bet kuriam kambaryje modernios \u0161viesos akcent\u0105. Sustiprinkite savo interjer\u0105 ir lengvai sukurkite asmenin\u0119 aplink\u0105. Dekoruokite savo erdv\u0119 m\u016bs\u0173 LED \u0161viesd\u0117\u017e\u0117s pagalba!<\/p>","protected":false},"featured_media":9561,"comment_status":"open","ping_status":"closed","template":"","meta":[],"product_brand":[],"product_cat":[128],"product_tag":[],"class_list":{"0":"post-9560","1":"product","2":"type-product","3":"status-publish","4":"has-post-thumbnail","6":"product_cat-anime","8":"first","9":"instock","10":"shipping-taxable","11":"purchasable","12":"product-type-simple"},"yoast_head":"<!-- This site is optimized with the Yoast SEO plugin v22.8 - https:\/\/yoast.com\/wordpress\/plugins\/seo\/ -->\n<title>Itachi Uchiha Lightbox - 3dera.lt<\/title>\n<meta name=\"robots\" content=\"index, follow, max-snippet:-1, max-image-preview:large, max-video-preview:-1\" \/>\n<link rel=\"canonical\" href=\"https:\/\/3dera.lt\/lt\/produktas\/itachi-uchiha-lightbox\/\" \/>\n<meta property=\"og:locale\" content=\"lt_LT\" \/>\n<meta property=\"og:type\" content=\"article\" \/>\n<meta property=\"og:title\" content=\"Itachi Uchiha Lightbox - 3dera.lt\" \/>\n<meta property=\"og:description\" content=\"This sleek and versatile lighting solution adds a touch of modern flair to any room. Enhance your decor and create\" \/>\n<meta property=\"og:url\" content=\"https:\/\/3dera.lt\/lt\/produktas\/itachi-uchiha-lightbox\/\" \/>\n<meta property=\"og:site_name\" content=\"3dera.lt\" \/>\n<meta property=\"article:modified_time\" content=\"2023-12-12T17:28:33+00:00\" \/>\n<meta property=\"og:image\" content=\"https:\/\/3dera.lt\/wp-content\/uploads\/2023\/11\/led_itachi_uchiha_render.webp\" \/>\n\t<meta property=\"og:image:width\" content=\"722\" \/>\n\t<meta property=\"og:image:height\" content=\"722\" \/>\n\t<meta property=\"og:image:type\" content=\"image\/webp\" \/>\n<meta name=\"twitter:card\" content=\"summary_large_image\" \/>\n<meta name=\"twitter:label1\" content=\"Est. reading time\" \/>\n\t<meta name=\"twitter:data1\" content=\"1 minut\u0117\" \/>\n<script type=\"application\/ld+json\" class=\"yoast-schema-graph\">{\"@context\":\"https:\/\/schema.org\",\"@graph\":[{\"@type\":\"WebPage\",\"@id\":\"https:\/\/3dera.lt\/product\/itachi-uchiha-lightbox\/\",\"url\":\"https:\/\/3dera.lt\/product\/itachi-uchiha-lightbox\/\",\"name\":\"Itachi Uchiha Lightbox - 3dera.lt\",\"isPartOf\":{\"@id\":\"https:\/\/3dera.lt\/#website\"},\"primaryImageOfPage\":{\"@id\":\"https:\/\/3dera.lt\/product\/itachi-uchiha-lightbox\/#primaryimage\"},\"image\":{\"@id\":\"https:\/\/3dera.lt\/product\/itachi-uchiha-lightbox\/#primaryimage\"},\"thumbnailUrl\":\"https:\/\/3dera.lt\/wp-content\/uploads\/2023\/11\/led_itachi_uchiha_render.webp\",\"datePublished\":\"2023-11-28T22:57:30+00:00\",\"dateModified\":\"2023-12-12T17:28:33+00:00\",\"breadcrumb\":{\"@id\":\"https:\/\/3dera.lt\/product\/itachi-uchiha-lightbox\/#breadcrumb\"},\"inLanguage\":\"lt-LT\",\"potentialAction\":[{\"@type\":\"ReadAction\",\"target\":[\"https:\/\/3dera.lt\/product\/itachi-uchiha-lightbox\/\"]}]},{\"@type\":\"ImageObject\",\"inLanguage\":\"lt-LT\",\"@id\":\"https:\/\/3dera.lt\/product\/itachi-uchiha-lightbox\/#primaryimage\",\"url\":\"https:\/\/3dera.lt\/wp-content\/uploads\/2023\/11\/led_itachi_uchiha_render.webp\",\"contentUrl\":\"https:\/\/3dera.lt\/wp-content\/uploads\/2023\/11\/led_itachi_uchiha_render.webp\",\"width\":722,\"height\":722},{\"@type\":\"BreadcrumbList\",\"@id\":\"https:\/\/3dera.lt\/product\/itachi-uchiha-lightbox\/#breadcrumb\",\"itemListElement\":[{\"@type\":\"ListItem\",\"position\":1,\"name\":\"Home\",\"item\":\"https:\/\/3dera.lt\/\"},{\"@type\":\"ListItem\",\"position\":2,\"name\":\"Shop\",\"item\":\"https:\/\/3dera.lt\/shop\/\"},{\"@type\":\"ListItem\",\"position\":3,\"name\":\"Itachi Uchiha Lightbox\"}]},{\"@type\":\"WebSite\",\"@id\":\"https:\/\/3dera.lt\/#website\",\"url\":\"https:\/\/3dera.lt\/\",\"name\":\"3D Era\",\"description\":\"3D Spausdintos dekoracijos bei 3D spausdinimo paslaugos\",\"publisher\":{\"@id\":\"https:\/\/3dera.lt\/#\/schema\/person\/711cfcf54c7b4e81a41d26303c862ae6\"},\"potentialAction\":[{\"@type\":\"SearchAction\",\"target\":{\"@type\":\"EntryPoint\",\"urlTemplate\":\"https:\/\/3dera.lt\/?s={search_term_string}\"},\"query-input\":\"required name=search_term_string\"}],\"inLanguage\":\"lt-LT\"},{\"@type\":[\"Person\",\"Organization\"],\"@id\":\"https:\/\/3dera.lt\/#\/schema\/person\/711cfcf54c7b4e81a41d26303c862ae6\",\"name\":\"3dera.lt\",\"image\":{\"@type\":\"ImageObject\",\"inLanguage\":\"lt-LT\",\"@id\":\"https:\/\/3dera.lt\/#\/schema\/person\/image\/\",\"url\":\"https:\/\/3dera.lt\/wp-content\/uploads\/2023\/11\/cropped-cropped-logo.png\",\"contentUrl\":\"https:\/\/3dera.lt\/wp-content\/uploads\/2023\/11\/cropped-cropped-logo.png\",\"width\":303,\"height\":308,\"caption\":\"3dera.lt\"},\"logo\":{\"@id\":\"https:\/\/3dera.lt\/#\/schema\/person\/image\/\"},\"sameAs\":[\"http:\/\/3dera.lt\"]}]}<\/script>\n<!-- \/ Yoast SEO plugin. -->","yoast_head_json":{"title":"Itachi Uchiha Lightbox - 3dera.lt","robots":{"index":"index","follow":"follow","max-snippet":"max-snippet:-1","max-image-preview":"max-image-preview:large","max-video-preview":"max-video-preview:-1"},"canonical":"https:\/\/3dera.lt\/lt\/produktas\/itachi-uchiha-lightbox\/","og_locale":"lt_LT","og_type":"article","og_title":"Itachi Uchiha Lightbox - 3dera.lt","og_description":"This sleek and versatile lighting solution adds a touch of modern flair to any room. Enhance your decor and create","og_url":"https:\/\/3dera.lt\/lt\/produktas\/itachi-uchiha-lightbox\/","og_site_name":"3dera.lt","article_modified_time":"2023-12-12T17:28:33+00:00","og_image":[{"width":722,"height":722,"url":"https:\/\/3dera.lt\/wp-content\/uploads\/2023\/11\/led_itachi_uchiha_render.webp","type":"image\/webp"}],"twitter_card":"summary_large_image","twitter_misc":{"Est. reading time":"1 minut\u0117"},"schema":{"@context":"https:\/\/schema.org","@graph":[{"@type":"WebPage","@id":"https:\/\/3dera.lt\/product\/itachi-uchiha-lightbox\/","url":"https:\/\/3dera.lt\/product\/itachi-uchiha-lightbox\/","name":"Itachi Uchiha Lightbox - 3dera.lt","isPartOf":{"@id":"https:\/\/3dera.lt\/#website"},"primaryImageOfPage":{"@id":"https:\/\/3dera.lt\/product\/itachi-uchiha-lightbox\/#primaryimage"},"image":{"@id":"https:\/\/3dera.lt\/product\/itachi-uchiha-lightbox\/#primaryimage"},"thumbnailUrl":"https:\/\/3dera.lt\/wp-content\/uploads\/2023\/11\/led_itachi_uchiha_render.webp","datePublished":"2023-11-28T22:57:30+00:00","dateModified":"2023-12-12T17:28:33+00:00","breadcrumb":{"@id":"https:\/\/3dera.lt\/product\/itachi-uchiha-lightbox\/#breadcrumb"},"inLanguage":"lt-LT","potentialAction":[{"@type":"ReadAction","target":["https:\/\/3dera.lt\/product\/itachi-uchiha-lightbox\/"]}]},{"@type":"ImageObject","inLanguage":"lt-LT","@id":"https:\/\/3dera.lt\/product\/itachi-uchiha-lightbox\/#primaryimage","url":"https:\/\/3dera.lt\/wp-content\/uploads\/2023\/11\/led_itachi_uchiha_render.webp","contentUrl":"https:\/\/3dera.lt\/wp-content\/uploads\/2023\/11\/led_itachi_uchiha_render.webp","width":722,"height":722},{"@type":"BreadcrumbList","@id":"https:\/\/3dera.lt\/product\/itachi-uchiha-lightbox\/#breadcrumb","itemListElement":[{"@type":"ListItem","position":1,"name":"Home","item":"https:\/\/3dera.lt\/"},{"@type":"ListItem","position":2,"name":"Shop","item":"https:\/\/3dera.lt\/shop\/"},{"@type":"ListItem","position":3,"name":"Itachi Uchiha Lightbox"}]},{"@type":"WebSite","@id":"https:\/\/3dera.lt\/#website","url":"https:\/\/3dera.lt\/","name":"3D Era","description":"3D Spausdintos dekoracijos bei 3D spausdinimo paslaugos","publisher":{"@id":"https:\/\/3dera.lt\/#\/schema\/person\/711cfcf54c7b4e81a41d26303c862ae6"},"potentialAction":[{"@type":"SearchAction","target":{"@type":"EntryPoint","urlTemplate":"https:\/\/3dera.lt\/?s={search_term_string}"},"query-input":"required name=search_term_string"}],"inLanguage":"lt-LT"},{"@type":["Person","Organization"],"@id":"https:\/\/3dera.lt\/#\/schema\/person\/711cfcf54c7b4e81a41d26303c862ae6","name":"3dera.lt","image":{"@type":"ImageObject","inLanguage":"lt-LT","@id":"https:\/\/3dera.lt\/#\/schema\/person\/image\/","url":"https:\/\/3dera.lt\/wp-content\/uploads\/2023\/11\/cropped-cropped-logo.png","contentUrl":"https:\/\/3dera.lt\/wp-content\/uploads\/2023\/11\/cropped-cropped-logo.png","width":303,"height":308,"caption":"3dera.lt"},"logo":{"@id":"https:\/\/3dera.lt\/#\/schema\/person\/image\/"},"sameAs":["http:\/\/3dera.lt"]}]}},"jetpack_sharing_enabled":true,"_links":{"self":[{"href":"https:\/\/3dera.lt\/lt\/wp-json\/wp\/v2\/product\/9560","targetHints":{"allow":["GET"]}}],"collection":[{"href":"https:\/\/3dera.lt\/lt\/wp-json\/wp\/v2\/product"}],"about":[{"href":"https:\/\/3dera.lt\/lt\/wp-json\/wp\/v2\/types\/product"}],"replies":[{"embeddable":true,"href":"https:\/\/3dera.lt\/lt\/wp-json\/wp\/v2\/comments?post=9560"}],"wp:featuredmedia":[{"embeddable":true,"href":"https:\/\/3dera.lt\/lt\/wp-json\/wp\/v2\/media\/9561"}],"wp:attachment":[{"href":"https:\/\/3dera.lt\/lt\/wp-json\/wp\/v2\/media?parent=9560"}],"wp:term":[{"taxonomy":"product_brand","embeddable":true,"href":"https:\/\/3dera.lt\/lt\/wp-json\/wp\/v2\/product_brand?post=9560"},{"taxonomy":"product_cat","embeddable":true,"href":"https:\/\/3dera.lt\/lt\/wp-json\/wp\/v2\/product_cat?post=9560"},{"taxonomy":"product_tag","embeddable":true,"href":"https:\/\/3dera.lt\/lt\/wp-json\/wp\/v2\/product_tag?post=9560"}],"curies":[{"name":"wp","href":"https:\/\/api.w.org\/{rel}","templated":true}]}}