{"id":9569,"date":"2023-11-29T09:28:42","date_gmt":"2023-11-29T09:28:42","guid":{"rendered":"https:\/\/3dera.lt\/?post_type=product&#038;p=9569"},"modified":"2025-09-22T10:59:34","modified_gmt":"2025-09-22T10:59:34","slug":"articulated-dragon","status":"publish","type":"product","link":"https:\/\/3dera.lt\/lt\/produktas\/articulated-dragon\/","title":{"rendered":"Drakonas"},"content":{"rendered":"<p>Pristatome m\u016bs\u0173 judan\u010di\u0173 \u017eaisl\u0173 rinkin\u012f \u2013 \u010dia susitinka vaizduot\u0117 ir judesys! \u0160ie \u012fdom\u016bs \u017eaislai turi lanks\u010dias dalis, leid\u017eian\u010dias atvaizduoti m\u0117gstamus persona\u017eus \u012fvairiais b\u016bdais. \u012e\u017eiebkite k\u016brybi\u0161kum\u0105 ir praleiskite begales laiko, nes \u0161ie \u017eaislai atgyja j\u016bs\u0173 ar j\u016bs\u0173 ma\u017e\u0173j\u0173 rankose!<\/p>\n<p>Savyb\u0117s:<br \/>\n- Judan\u010dios detal\u0117s, suteikian\u010dios \u017eaislui dinami\u0161kumo<br \/>\n- Sud\u0117tingas ir detalus dizainas, suteikiantis gyvybingumo<br \/>\n- Pagaminta i\u0161 auk\u0161tos kokyb\u0117s bei patvari\u0173 med\u017eiag\u0173 ilgesniam d\u017eiaugsmui garantuoti<\/p>\n<p>I\u0161matavimai: 30x3x3cm<\/p>","protected":false},"excerpt":{"rendered":"<p>Pristatome m\u016bs\u0173 judan\u010di\u0173 \u017eaisl\u0173 rinkin\u012f \u2013 \u010dia susitinka vaizduot\u0117 ir judesys! \u0160ie \u012fdom\u016bs \u017eaislai turi lanks\u010dias dalis, leid\u017eian\u010dias atvaizduoti m\u0117gstamus persona\u017eus \u012fvairiais b\u016bdais. \u012e\u017eiebkite k\u016brybi\u0161kum\u0105 ir praleiskite begales laiko, nes \u0161ie \u017eaislai atgyja j\u016bs\u0173 ar j\u016bs\u0173 ma\u017e\u0173j\u0173 rankose!\n\nSavyb\u0117s:\n- Judan\u010dios detal\u0117s, suteikian\u010dios \u017eaislui dinami\u0161kumo\n- Sud\u0117tingas ir detalus dizainas, suteikiantis gyvybingumo\n- Pagaminta i\u0161 auk\u0161tos kokyb\u0117s bei patvari\u0173 med\u017eiag\u0173 ilgesniam d\u017eiaugsmui garantuoti\n\nI\u0161matavimai: 30x3x3cm<\/p>","protected":false},"featured_media":9811,"comment_status":"open","ping_status":"closed","template":"","meta":[],"product_brand":[],"product_cat":[126],"product_tag":[],"class_list":{"0":"post-9569","1":"product","2":"type-product","3":"status-publish","4":"has-post-thumbnail","6":"product_cat-toys","8":"first","9":"instock","10":"shipping-taxable","11":"purchasable","12":"product-type-variable"},"yoast_head":"<!-- This site is optimized with the Yoast SEO plugin v22.8 - https:\/\/yoast.com\/wordpress\/plugins\/seo\/ -->\n<title>Articulated Dragon - 3dera.lt<\/title>\n<meta name=\"robots\" content=\"index, follow, max-snippet:-1, max-image-preview:large, max-video-preview:-1\" \/>\n<link rel=\"canonical\" href=\"https:\/\/3dera.lt\/lt\/produktas\/articulated-dragon\/\" \/>\n<meta property=\"og:locale\" content=\"lt_LT\" \/>\n<meta property=\"og:type\" content=\"article\" \/>\n<meta property=\"og:title\" content=\"Articulated Dragon - 3dera.lt\" \/>\n<meta property=\"og:description\" content=\"Introducing our collection of articulated toys \u2013 where imagination meets movement! These captivating playthings feature flexible joints, allowing kids to\" \/>\n<meta property=\"og:url\" content=\"https:\/\/3dera.lt\/lt\/produktas\/articulated-dragon\/\" \/>\n<meta property=\"og:site_name\" content=\"3dera.lt\" \/>\n<meta property=\"article:modified_time\" content=\"2025-09-22T10:59:34+00:00\" \/>\n<meta property=\"og:image\" content=\"https:\/\/3dera.lt\/wp-content\/uploads\/2023\/12\/1000007083.jpg\" \/>\n\t<meta property=\"og:image:width\" content=\"2517\" \/>\n\t<meta property=\"og:image:height\" content=\"2517\" \/>\n\t<meta property=\"og:image:type\" content=\"image\/jpeg\" \/>\n<meta name=\"twitter:card\" content=\"summary_large_image\" \/>\n<meta name=\"twitter:label1\" content=\"Est. reading time\" \/>\n\t<meta name=\"twitter:data1\" content=\"1 minut\u0117\" \/>\n<script type=\"application\/ld+json\" class=\"yoast-schema-graph\">{\"@context\":\"https:\/\/schema.org\",\"@graph\":[{\"@type\":\"WebPage\",\"@id\":\"https:\/\/3dera.lt\/product\/articulated-dragon\/\",\"url\":\"https:\/\/3dera.lt\/product\/articulated-dragon\/\",\"name\":\"Articulated Dragon - 3dera.lt\",\"isPartOf\":{\"@id\":\"https:\/\/3dera.lt\/#website\"},\"primaryImageOfPage\":{\"@id\":\"https:\/\/3dera.lt\/product\/articulated-dragon\/#primaryimage\"},\"image\":{\"@id\":\"https:\/\/3dera.lt\/product\/articulated-dragon\/#primaryimage\"},\"thumbnailUrl\":\"https:\/\/3dera.lt\/wp-content\/uploads\/2023\/12\/1000007083.jpg\",\"datePublished\":\"2023-11-29T09:28:42+00:00\",\"dateModified\":\"2025-09-22T10:59:34+00:00\",\"breadcrumb\":{\"@id\":\"https:\/\/3dera.lt\/product\/articulated-dragon\/#breadcrumb\"},\"inLanguage\":\"lt-LT\",\"potentialAction\":[{\"@type\":\"ReadAction\",\"target\":[\"https:\/\/3dera.lt\/product\/articulated-dragon\/\"]}]},{\"@type\":\"ImageObject\",\"inLanguage\":\"lt-LT\",\"@id\":\"https:\/\/3dera.lt\/product\/articulated-dragon\/#primaryimage\",\"url\":\"https:\/\/3dera.lt\/wp-content\/uploads\/2023\/12\/1000007083.jpg\",\"contentUrl\":\"https:\/\/3dera.lt\/wp-content\/uploads\/2023\/12\/1000007083.jpg\",\"width\":2517,\"height\":2517},{\"@type\":\"BreadcrumbList\",\"@id\":\"https:\/\/3dera.lt\/product\/articulated-dragon\/#breadcrumb\",\"itemListElement\":[{\"@type\":\"ListItem\",\"position\":1,\"name\":\"Home\",\"item\":\"https:\/\/3dera.lt\/\"},{\"@type\":\"ListItem\",\"position\":2,\"name\":\"Shop\",\"item\":\"https:\/\/3dera.lt\/shop\/\"},{\"@type\":\"ListItem\",\"position\":3,\"name\":\"Articulated Dragon\"}]},{\"@type\":\"WebSite\",\"@id\":\"https:\/\/3dera.lt\/#website\",\"url\":\"https:\/\/3dera.lt\/\",\"name\":\"3D Era\",\"description\":\"3D Spausdintos dekoracijos bei 3D spausdinimo paslaugos\",\"publisher\":{\"@id\":\"https:\/\/3dera.lt\/#\/schema\/person\/711cfcf54c7b4e81a41d26303c862ae6\"},\"potentialAction\":[{\"@type\":\"SearchAction\",\"target\":{\"@type\":\"EntryPoint\",\"urlTemplate\":\"https:\/\/3dera.lt\/?s={search_term_string}\"},\"query-input\":\"required name=search_term_string\"}],\"inLanguage\":\"lt-LT\"},{\"@type\":[\"Person\",\"Organization\"],\"@id\":\"https:\/\/3dera.lt\/#\/schema\/person\/711cfcf54c7b4e81a41d26303c862ae6\",\"name\":\"3dera.lt\",\"image\":{\"@type\":\"ImageObject\",\"inLanguage\":\"lt-LT\",\"@id\":\"https:\/\/3dera.lt\/#\/schema\/person\/image\/\",\"url\":\"https:\/\/3dera.lt\/wp-content\/uploads\/2023\/11\/cropped-cropped-logo.png\",\"contentUrl\":\"https:\/\/3dera.lt\/wp-content\/uploads\/2023\/11\/cropped-cropped-logo.png\",\"width\":303,\"height\":308,\"caption\":\"3dera.lt\"},\"logo\":{\"@id\":\"https:\/\/3dera.lt\/#\/schema\/person\/image\/\"},\"sameAs\":[\"http:\/\/3dera.lt\"]}]}<\/script>\n<!-- \/ Yoast SEO plugin. -->","yoast_head_json":{"title":"Articulated Dragon - 3dera.lt","robots":{"index":"index","follow":"follow","max-snippet":"max-snippet:-1","max-image-preview":"max-image-preview:large","max-video-preview":"max-video-preview:-1"},"canonical":"https:\/\/3dera.lt\/lt\/produktas\/articulated-dragon\/","og_locale":"lt_LT","og_type":"article","og_title":"Articulated Dragon - 3dera.lt","og_description":"Introducing our collection of articulated toys \u2013 where imagination meets movement! These captivating playthings feature flexible joints, allowing kids to","og_url":"https:\/\/3dera.lt\/lt\/produktas\/articulated-dragon\/","og_site_name":"3dera.lt","article_modified_time":"2025-09-22T10:59:34+00:00","og_image":[{"width":2517,"height":2517,"url":"https:\/\/3dera.lt\/wp-content\/uploads\/2023\/12\/1000007083.jpg","type":"image\/jpeg"}],"twitter_card":"summary_large_image","twitter_misc":{"Est. reading time":"1 minut\u0117"},"schema":{"@context":"https:\/\/schema.org","@graph":[{"@type":"WebPage","@id":"https:\/\/3dera.lt\/product\/articulated-dragon\/","url":"https:\/\/3dera.lt\/product\/articulated-dragon\/","name":"Articulated Dragon - 3dera.lt","isPartOf":{"@id":"https:\/\/3dera.lt\/#website"},"primaryImageOfPage":{"@id":"https:\/\/3dera.lt\/product\/articulated-dragon\/#primaryimage"},"image":{"@id":"https:\/\/3dera.lt\/product\/articulated-dragon\/#primaryimage"},"thumbnailUrl":"https:\/\/3dera.lt\/wp-content\/uploads\/2023\/12\/1000007083.jpg","datePublished":"2023-11-29T09:28:42+00:00","dateModified":"2025-09-22T10:59:34+00:00","breadcrumb":{"@id":"https:\/\/3dera.lt\/product\/articulated-dragon\/#breadcrumb"},"inLanguage":"lt-LT","potentialAction":[{"@type":"ReadAction","target":["https:\/\/3dera.lt\/product\/articulated-dragon\/"]}]},{"@type":"ImageObject","inLanguage":"lt-LT","@id":"https:\/\/3dera.lt\/product\/articulated-dragon\/#primaryimage","url":"https:\/\/3dera.lt\/wp-content\/uploads\/2023\/12\/1000007083.jpg","contentUrl":"https:\/\/3dera.lt\/wp-content\/uploads\/2023\/12\/1000007083.jpg","width":2517,"height":2517},{"@type":"BreadcrumbList","@id":"https:\/\/3dera.lt\/product\/articulated-dragon\/#breadcrumb","itemListElement":[{"@type":"ListItem","position":1,"name":"Home","item":"https:\/\/3dera.lt\/"},{"@type":"ListItem","position":2,"name":"Shop","item":"https:\/\/3dera.lt\/shop\/"},{"@type":"ListItem","position":3,"name":"Articulated Dragon"}]},{"@type":"WebSite","@id":"https:\/\/3dera.lt\/#website","url":"https:\/\/3dera.lt\/","name":"3D Era","description":"3D Spausdintos dekoracijos bei 3D spausdinimo paslaugos","publisher":{"@id":"https:\/\/3dera.lt\/#\/schema\/person\/711cfcf54c7b4e81a41d26303c862ae6"},"potentialAction":[{"@type":"SearchAction","target":{"@type":"EntryPoint","urlTemplate":"https:\/\/3dera.lt\/?s={search_term_string}"},"query-input":"required name=search_term_string"}],"inLanguage":"lt-LT"},{"@type":["Person","Organization"],"@id":"https:\/\/3dera.lt\/#\/schema\/person\/711cfcf54c7b4e81a41d26303c862ae6","name":"3dera.lt","image":{"@type":"ImageObject","inLanguage":"lt-LT","@id":"https:\/\/3dera.lt\/#\/schema\/person\/image\/","url":"https:\/\/3dera.lt\/wp-content\/uploads\/2023\/11\/cropped-cropped-logo.png","contentUrl":"https:\/\/3dera.lt\/wp-content\/uploads\/2023\/11\/cropped-cropped-logo.png","width":303,"height":308,"caption":"3dera.lt"},"logo":{"@id":"https:\/\/3dera.lt\/#\/schema\/person\/image\/"},"sameAs":["http:\/\/3dera.lt"]}]}},"jetpack_sharing_enabled":true,"_links":{"self":[{"href":"https:\/\/3dera.lt\/lt\/wp-json\/wp\/v2\/product\/9569","targetHints":{"allow":["GET"]}}],"collection":[{"href":"https:\/\/3dera.lt\/lt\/wp-json\/wp\/v2\/product"}],"about":[{"href":"https:\/\/3dera.lt\/lt\/wp-json\/wp\/v2\/types\/product"}],"replies":[{"embeddable":true,"href":"https:\/\/3dera.lt\/lt\/wp-json\/wp\/v2\/comments?post=9569"}],"wp:featuredmedia":[{"embeddable":true,"href":"https:\/\/3dera.lt\/lt\/wp-json\/wp\/v2\/media\/9811"}],"wp:attachment":[{"href":"https:\/\/3dera.lt\/lt\/wp-json\/wp\/v2\/media?parent=9569"}],"wp:term":[{"taxonomy":"product_brand","embeddable":true,"href":"https:\/\/3dera.lt\/lt\/wp-json\/wp\/v2\/product_brand?post=9569"},{"taxonomy":"product_cat","embeddable":true,"href":"https:\/\/3dera.lt\/lt\/wp-json\/wp\/v2\/product_cat?post=9569"},{"taxonomy":"product_tag","embeddable":true,"href":"https:\/\/3dera.lt\/lt\/wp-json\/wp\/v2\/product_tag?post=9569"}],"curies":[{"name":"wp","href":"https:\/\/api.w.org\/{rel}","templated":true}]}}